{"id":15821,"date":"2022-02-14T08:09:08","date_gmt":"2022-02-14T08:09:08","guid":{"rendered":"https:\/\/angelasheaven.com\/?page_id=15821"},"modified":"2025-10-10T13:38:27","modified_gmt":"2025-10-10T13:38:27","slug":"refund-policy","status":"publish","type":"page","link":"https:\/\/angelasheaven.com\/sv\/refund-policy\/","title":{"rendered":"Retur"},"content":{"rendered":"<div class=\"fusion-fullwidth fullwidth-box fusion-builder-row-1 fusion-flex-container nonhundred-percent-fullwidth non-hundred-percent-height-scrolling\" style=\"--awb-border-radius-top-left:0px;--awb-border-radius-top-right:0px;--awb-border-radius-bottom-right:0px;--awb-border-radius-bottom-left:0px;--awb-flex-wrap:wrap;\" ><div class=\"fusion-builder-row fusion-row fusion-flex-align-items-flex-start fusion-flex-content-wrap\" style=\"max-width:1216.8px;margin-left: calc(-4% \/ 2 );margin-right: calc(-4% \/ 2 );\"><div class=\"fusion-layout-column fusion_builder_column fusion-builder-column-0 fusion_builder_column_1_1 1_1 fusion-flex-column\" style=\"--awb-bg-size:cover;--awb-width-large:100%;--awb-margin-top-large:0px;--awb-spacing-right-large:1.92%;--awb-margin-bottom-large:0px;--awb-spacing-left-large:1.92%;--awb-width-medium:100%;--awb-spacing-right-medium:1.92%;--awb-spacing-left-medium:1.92%;--awb-width-small:100%;--awb-spacing-right-small:1.92%;--awb-spacing-left-small:1.92%;\"><div class=\"fusion-column-wrapper fusion-flex-justify-content-flex-start fusion-content-layout-column\"><div class=\"fusion-text fusion-text-1\"><h4 data-fontsize=\"18\" style=\"--fontSize: 18; line-height: 1.6; --minFontSize: 18;\" data-lineheight=\"28.8px\" class=\"fusion-responsive-typography-calculated\"><b>\u00c5terbetalning &amp; returpolicy<\/b><\/h4>\n<p>P\u00e5 AngelasHeaven g\u00f6r vi allt vi kan f\u00f6r att du ska vara n\u00f6jd med ditt k\u00f6p. Vi har gjort v\u00e5r \u00e5terbetalningspolicy s\u00e5 enkel som m\u00f6jligt. F\u00f6r v\u00e5r fullst\u00e4ndiga \u00e5terbetalningspolicy, se kundavtalet nedan.<\/p>\n<p><b>\u00c5terbetalning &amp; retur<br \/><\/b><span style=\"letter-spacing: 0.225px; background-color: rgba(0, 0, 0, 0);\">Kontakta kundtj\u00e4nst p\u00e5 angela(at)angelasheaven.com <\/span><span style=\"letter-spacing: 0.225px; background-color: rgba(0, 0, 0, 0);\">innan du returnerar en produkt. Du m\u00e5ste beg\u00e4ra \u00e5terbetalning f\u00f6r ditt k\u00f6p inom 30 dagar efter att produkten har skickats. \u00c5terbetalningar kommer att betalas tillbaka till inom 10-15 arbetsdagar efter att produkten har tagits emot av oss.<\/span><\/p>\n<p>Frakt betalas av kunden. Om det \u00e4r n\u00e5got fel p\u00e5 produkten och felet \u00e4r AngelasHeavens, betalar vi fraktkostnaden samt kostnaden f\u00f6r produkten inom 10-15 arbetsdagar efter att produkten har tagits emot av oss.<\/p>\n<p><b>Rabatter<br \/><\/b><span style=\"letter-spacing: 0.225px; background-color: rgba(0, 0, 0, 0);\">Eventuell rabatt som till\u00e4mpas p\u00e5 best\u00e4llningen kommer att dras av fr\u00e5n den utf\u00e4rdade \u00e5terbetalningen.<\/span><\/p>\n<p><b>Digitala produkter\/k\u00f6p<br \/><\/b><span style=\"background-color: rgba(0, 0, 0, 0); letter-spacing: 0.225px;\">Digitala produkter\/k\u00f6p \u00e4r ej \u00e5terbetalningsbara. Kontakta kundsupport f\u00f6r ytterligare information.<\/span><\/p>\n<p><b>Skadade eller saknade objekt<br \/><\/b><span style=\"letter-spacing: 0.225px; background-color: rgba(0, 0, 0, 0);\">V\u00e4nligen kontakta v\u00e5r kundtj\u00e4nst p\u00e5 angela(at)angelasheaven.com omedelbart om ditt paket \u00e4r skadat, f\u00f6rlorat eller trasigt.<\/span><\/p>\n<p>Om du har n\u00e5gra fr\u00e5gor eller funderingar kring att g\u00f6ra en retur, kontakta g\u00e4rna v\u00e5rt support p\u00e5 angela(at)angelasheaven.com.<\/p>\n<\/div><\/div><\/div><\/div><\/div>","protected":false},"excerpt":{"rendered":"","protected":false},"author":1,"featured_media":0,"parent":0,"menu_order":0,"comment_status":"closed","ping_status":"closed","template":"elementor_canvas","meta":{"_acf_changed":false,"_bbp_topic_count":0,"_bbp_reply_count":0,"_bbp_total_topic_count":0,"_bbp_total_reply_count":0,"_bbp_voice_count":0,"_bbp_anonymous_reply_count":0,"_bbp_topic_count_hidden":0,"_bbp_reply_count_hidden":0,"_bbp_forum_subforum_count":0,"om_disable_all_campaigns":false,"wprm-recipe-roundup-name":"","wprm-recipe-roundup-description":"","_monsterinsights_skip_tracking":false,"_monsterinsights_sitenote_active":false,"_monsterinsights_sitenote_note":"","_monsterinsights_sitenote_category":0,"footnotes":""},"class_list":["post-15821","page","type-page","status-publish","hentry"],"acf":[],"aioseo_notices":[],"_links":{"self":[{"href":"https:\/\/angelasheaven.com\/sv\/wp-json\/wp\/v2\/pages\/15821","targetHints":{"allow":["GET"]}}],"collection":[{"href":"https:\/\/angelasheaven.com\/sv\/wp-json\/wp\/v2\/pages"}],"about":[{"href":"https:\/\/angelasheaven.com\/sv\/wp-json\/wp\/v2\/types\/page"}],"author":[{"embeddable":true,"href":"https:\/\/angelasheaven.com\/sv\/wp-json\/wp\/v2\/users\/1"}],"replies":[{"embeddable":true,"href":"https:\/\/angelasheaven.com\/sv\/wp-json\/wp\/v2\/comments?post=15821"}],"version-history":[{"count":22,"href":"https:\/\/angelasheaven.com\/sv\/wp-json\/wp\/v2\/pages\/15821\/revisions"}],"predecessor-version":[{"id":17412,"href":"https:\/\/angelasheaven.com\/sv\/wp-json\/wp\/v2\/pages\/15821\/revisions\/17412"}],"wp:attachment":[{"href":"https:\/\/angelasheaven.com\/sv\/wp-json\/wp\/v2\/media?parent=15821"}],"curies":[{"name":"wp","href":"https:\/\/api.w.org\/{rel}","templated":true}]}}