{"id":16,"date":"2015-05-08T17:00:47","date_gmt":"2015-05-08T17:00:47","guid":{"rendered":"https:\/\/avadawebsites.wpengine.com\/modern-shop\/?page_id=16"},"modified":"2025-07-29T07:31:54","modified_gmt":"2025-07-29T07:31:54","slug":"about","status":"publish","type":"page","link":"https:\/\/angelasheaven.com\/sv\/about\/","title":{"rendered":"om"},"content":{"rendered":"<div class=\"fusion-fullwidth fullwidth-box fusion-builder-row-1 fusion-flex-container hundred-percent-fullwidth non-hundred-percent-height-scrolling\" style=\"--awb-background-position:left top;--awb-border-sizes-top:0px;--awb-border-sizes-bottom:0px;--awb-border-sizes-left:0px;--awb-border-sizes-right:0px;--awb-border-radius-top-left:0px;--awb-border-radius-top-right:0px;--awb-border-radius-bottom-right:0px;--awb-border-radius-bottom-left:0px;--awb-padding-top:0px;--awb-padding-right:0px;--awb-padding-bottom:0px;--awb-padding-left:0px;--awb-flex-wrap:wrap;\" ><div class=\"fusion-builder-row fusion-row fusion-flex-align-items-stretch fusion-flex-content-wrap\" style=\"width:calc( 100% + 0px ) !important;max-width:calc( 100% + 0px ) !important;margin-left: calc(-0px \/ 2 );margin-right: calc(-0px \/ 2 );\"><div class=\"fusion-layout-column fusion_builder_column fusion-builder-column-0 fusion_builder_column_1_2 1_2 fusion-flex-column\" style=\"--awb-padding-top:13%;--awb-padding-right:13%;--awb-padding-bottom:13%;--awb-padding-left:13%;--awb-padding-top-medium:80px;--awb-padding-right-medium:60px;--awb-padding-bottom-medium:80px;--awb-padding-left-medium:60px;--awb-bg-color:var(--awb-color2);--awb-bg-color-hover:var(--awb-color2);--awb-bg-size:cover;--awb-width-large:50%;--awb-margin-top-large:0px;--awb-spacing-right-large:0px;--awb-margin-bottom-large:0px;--awb-spacing-left-large:0px;--awb-width-medium:100%;--awb-order-medium:1;--awb-spacing-right-medium:0px;--awb-spacing-left-medium:0px;--awb-width-small:100%;--awb-spacing-right-small:0px;--awb-spacing-left-small:0px;\"><div class=\"fusion-column-wrapper fusion-flex-justify-content-center fusion-content-layout-column\"><div class=\"fusion-title title fusion-title-1 fusion-title-center fusion-title-text fusion-title-size-two\" style=\"--awb-margin-top-small:0px;--awb-margin-bottom-small:20px;--awb-font-size:24px;\"><div class=\"title-sep-container title-sep-container-left\"><div class=\"title-sep sep- sep-solid\" style=\"border-color:var(--awb-color3);\"><\/div><\/div><span class=\"awb-title-spacer\"><\/span><h2 class=\"fusion-title-heading title-heading-center fusion-responsive-typography-calculated\" style=\"margin:0;text-transform:capitalize;font-size:1em;--fontSize:24;line-height:var(--awb-typography1-line-height);\">Om mig och historian bakom min hudv\u00e5rd<\/h2><span class=\"awb-title-spacer\"><\/span><div class=\"title-sep-container title-sep-container-right\"><div class=\"title-sep sep- sep-solid\" style=\"border-color:var(--awb-color3);\"><\/div><\/div><\/div><div class=\"fusion-separator\" style=\"align-self: center;margin-left: auto;margin-right: auto;margin-top:5px;margin-bottom:30px;width:100%;max-width:30px;\"><div class=\"fusion-separator-border sep-single sep-solid\" style=\"--awb-height:20px;--awb-amount:20px;border-color:var(--awb-color5);border-top-width:1px;\"><\/div><\/div><div class=\"fusion-text fusion-text-1\" style=\"--awb-content-alignment:center;\"><p>Jag heter Angela Johansson, och min resa med att skapa ekologisk hudv\u00e5rd b\u00f6rjade f\u00f6r m\u00e5nga \u00e5r sedan \u2013 n\u00e4r jag f\u00f6r\u00e4lskade mig i allt som \u00e4r naturligt och ekologiskt. Jag blev nyfiken, n\u00e4stan n\u00f6rdigt intresserad, av hur vi kan ta hand om oss sj\u00e4lva p\u00e5 b\u00e4sta s\u00e4tt och b\u00f6rjade utforska hur man bygger h\u00e4lsa och v\u00e4lm\u00e5ende inifr\u00e5n och ut.<span style=\"letter-spacing: 0.225px;\"> <\/span><\/p>\n<p data-start=\"635\" data-end=\"844\"><b>Det r\u00e4ckte inte f\u00f6r mig att bara \u00e4ta nyttigt.<\/b> - Jag ville veta hur jag \u2013 p\u00e5 ett s\u00e4tt \u2013 skulle kunna \"konservera\" min kropp och h\u00e5lla den i s\u00e5 god fysisk och mental form som m\u00f6jligt f\u00f6r att kunna leva ett l\u00e5ngt, friskt och lyckligt liv. Ett liv d\u00e4r jag verkligen k\u00e4nde mig str\u00e5lande p\u00e5 alla s\u00e4tt.<\/p>\n<p data-start=\"846\" data-end=\"1204\">N\u00e5gonstans p\u00e5 v\u00e4gen fick jag en bok om spiritualitet av en v\u00e4n. I samma \u00f6gonblick som jag b\u00f6rjade l\u00e4sa den fick jag en helt ny syn p\u00e5 livet. Jag blev oerh\u00f6rt fascinerad av att det kanske finns mer omkring oss \u00e4n det vi kan se och jag b\u00f6rjade leta efter mer information. Inte bara efter det senaste inom h\u00e4lsa, utan ocks\u00e5 efter hur jag skulle kunna hitta ett s\u00e4tt att m\u00e5 riktigt bra inifr\u00e5n.<span style=\"letter-spacing: 0.225px;\"> <\/span><\/p>\n<p data-start=\"1206\" data-end=\"1626\"><b>Ekologisk hudv\u00e5rd blev en av bitarna i pusslet<\/b> \u2013 och vilken viktig del det \u00e4r. Att f\u00e5 ta hand om sig sj\u00e4lv och veta att det du sm\u00f6rjer in dig med inte bara \u00e4r helt naturligt utan ocks\u00e5 fyllt med effektiva ingredienser direkt fr\u00e5n naturen - som faktiskt g\u00f6r skillnad. Det ger inte bara en fantastisk k\u00e4nsla p\u00e5 huden, utan ocks\u00e5 inombords.<span style=\"letter-spacing: 0.225px;\"> <\/span><\/p>\n<p data-start=\"1628\" data-end=\"2085\"><b>Allt b\u00f6rjade f\u00f6r m\u00e5nga \u00e5r sedan n\u00e4r jag uppt\u00e4ckte ett ekologiskt hudv\u00e5rdsm\u00e4rke.<\/b> Efter att i \u00e5ratal ha provat en m\u00e4ngd olika ekologiska kr\u00e4mer som \u2013 helt \u00e4rligt \u2013 ofta inte luktade b\u00e4ttre \u00e4n en gammal hamsterbur \ud83d\ude0a, st\u00f6tte jag p\u00e5 ett m\u00e4rke som var annorlunda. Deras dofter var helt ljuvliga \u2013 s\u00e5 pass att jag blev nyfiken och ringde upp f\u00f6retaget f\u00f6r att fr\u00e5ga om jag kunde f\u00e5 komma och h\u00e4lsa p\u00e5. N\u00e4r jag v\u00e4l kom dit blev jag djupt imponerad. Tv\u00e5 fantastiska kvinnor stod sj\u00e4lva f\u00f6r hela tillverkningen av produkterna som var riktigt fina, men de hade inte riktigt hittat ett s\u00e4tt att n\u00e5 ut, s\u00e5 f\u00f6rs\u00e4ljningen gick tr\u00f6gt trots kvaliteten.<span style=\"letter-spacing: 0.225px;\"> <\/span><\/p>\n<p data-start=\"2087\" data-end=\"2500\">Jag ber\u00e4ttade f\u00f6r min d\u00e5varande f\u00e4stman om f\u00f6retaget, eftersom jag visste att han var intresserad av att k\u00f6pa ett kosmetikf\u00f6retag och f\u00f6r att g\u00f6ra en l\u00e5ng historia kort: han k\u00f6pte det. Pl\u00f6tsligt hade jag tillg\u00e5ng till alla de produkter jag \u00e4lskade. Senare, n\u00e4r vi separerade, ins\u00e5g jag hur mycket jag saknade deras ekologiska deodorant. Jag hade varit delaktig i tillverkningen av n\u00e5gra av produkterna, och t\u00e4nkte <em>\"Det h\u00e4r kan jag g\u00f6ra sj\u00e4lv \u2013 och kanske till och med \u00e4nnu b\u00e4ttre.\"<\/em>Och s\u00e5 b\u00f6rjade min resa.<span style=\"letter-spacing: 0.225px;\"> <\/span><\/p>\n<p data-start=\"2502\" data-end=\"2836\"><b>Jag har alltid \u00e4lskat att skapa.<\/b>Som liten brukade jag strosa omkring ute i naturen och plocka blommor till mitt v\u00e4ldigt rosa flickrum. Den kreativa sidan har aldrig l\u00e4mnat mig. Att skapa min egen hudv\u00e5rd och f\u00f6rdjupa mig i vilka ingredienser som verkligen g\u00f6r skillnad har varit en l\u00e5ng \u2013 och ibland utmanande resa, men ocks\u00e5 en av de mest givande.<span style=\"letter-spacing: 0.225px;\"> <\/span><\/p>\n<p data-start=\"2838\" data-end=\"3202\"><b>F\u00f6rutom min passion f\u00f6r ekologisk sk\u00f6nhetsv\u00e5rd har jag l\u00e4nge haft en stark inre k\u00e4nsla att jag vill inspirera andra.<\/b>Den k\u00e4nslan - att p\u00e5 n\u00e5got s\u00e4tt kunna ha ett positiv inflytande p\u00e5 s\u00e5 m\u00e5nga m\u00e4nniskor som m\u00f6jligt - har varit en av mina starkaste drivkrafter i allt jag g\u00f6r. Att k\u00e4nna att n\u00e5got jag skapar skall kunna bidra till n\u00e5gon annans v\u00e4lm\u00e5ende...det g\u00f6r mig v\u00e4ldigt glad.<span style=\"letter-spacing: 0.225px;\"> <\/span><\/p>\n<p data-start=\"3204\" data-end=\"3379\">Nu, flera \u00e5r efter att jag p\u00e5b\u00f6rjade den h\u00e4r resan \u00e4r jag v\u00e4ldigt stolt \u00f6ver mig sj\u00e4lv. Jag kan faktiskt checka av en av mina dr\u00f6mmar p\u00e5 min bucketlist och s\u00e4ga att jag har tagit fram mitt alldeles eget hudv\u00e5rdsm\u00e4rke.<span style=\"letter-spacing: 0.225px;\"> <\/span><\/p>\n<p data-start=\"3381\" data-end=\"3693\"><b>D\u00e4r \u00e4r det...i ett n\u00f6tskal...varf\u00f6r jag b\u00f6rjade min ekologiska resa.<\/b>Det \u00e4r en kombination av insida och utsida d\u00e4r allt sammantaget blir en kropp som f\u00f6rhoppningsvis str\u00e5lar. Mina produkter \u00e4r en pusselbit av m\u00e5nga, men enligt mig v\u00e4ldigt viktig. Om du tar hand om dig p\u00e5 ett bra s\u00e4tt kommer du se skillnad och m\u00e5 b\u00e4ttre.<span style=\"letter-spacing: 0.225px;\"> <\/span><\/p>\n<p data-start=\"3695\" data-end=\"3835\">Jag hoppas att du kommer \u00e4lska mina produkter lika mycket som jag g\u00f6r och det skulle vara v\u00e4ldigt roligt om du vill dela med dig av din upplevelse, dina tankar och vad du m\u00e4rker f\u00f6r resultat.<\/p>\n<\/p>\n<p data-start=\"3837\" data-end=\"3851\">Kram,<\/p>\n<p>Angela<\/p>\n<\/div><\/div><\/div><div class=\"fusion-layout-column fusion_builder_column fusion-builder-column-1 fusion_builder_column_1_2 1_2 fusion-flex-column fusion-column-inner-bg-wrapper\" style=\"--awb-inner-bg-position:center center;--awb-inner-bg-blend:overlay;--awb-inner-bg-size:cover;--awb-width-large:50%;--awb-margin-top-large:0px;--awb-spacing-right-large:0px;--awb-margin-bottom-large:0px;--awb-spacing-left-large:0px;--awb-width-medium:100%;--awb-spacing-right-medium:0px;--awb-spacing-left-medium:0px;--awb-width-small:100%;--awb-spacing-right-small:0px;--awb-spacing-left-small:0px;\"><span class=\"fusion-column-inner-bg hover-type-zoomin\"><span class=\"fusion-column-anchor\"><span class=\"fusion-column-inner-bg-image lazyload\" data-bg=\"https:\/\/angelasheaven.com\/wp-content\/uploads\/2025\/06\/orginalstorlek-angela-44-scaled.jpg\"><\/span><\/span><\/span><div class=\"fusion-column-wrapper fusion-flex-justify-content-flex-start fusion-content-layout-column fusion-empty-column-bg-image fusion-column-has-bg-image\" data-bg-url=\"https:\/\/angelasheaven.com\/wp-content\/uploads\/2025\/06\/orginalstorlek-angela-44-scaled.jpg\"><img decoding=\"async\" class=\"fusion-empty-dims-img-placeholder fusion-no-large-visibility\" aria-label=\"orginalstorlek-angela-44\" src=\"data:image\/svg+xml,%3Csvg%20xmlns%3D%27http%3A%2F%2Fwww.w3.org%2F2000%2Fsvg%27%20width%3D%272560%27%20height%3D%271707%27%20viewBox%3D%270%200%202560%201707%27%3E%3Crect%20width%3D%272560%27%20height%3D%271707%27%20fill-opacity%3D%220%22%2F%3E%3C%2Fsvg%3E\"><\/div><\/div><\/div><\/div>","protected":false},"excerpt":{"rendered":"","protected":false},"author":1,"featured_media":0,"parent":0,"menu_order":0,"comment_status":"open","ping_status":"open","template":"100-width.php","meta":{"_acf_changed":false,"_bbp_topic_count":0,"_bbp_reply_count":0,"_bbp_total_topic_count":0,"_bbp_total_reply_count":0,"_bbp_voice_count":0,"_bbp_anonymous_reply_count":0,"_bbp_topic_count_hidden":0,"_bbp_reply_count_hidden":0,"_bbp_forum_subforum_count":0,"om_disable_all_campaigns":false,"wprm-recipe-roundup-name":"","wprm-recipe-roundup-description":"","_monsterinsights_skip_tracking":false,"_monsterinsights_sitenote_active":false,"_monsterinsights_sitenote_note":"","_monsterinsights_sitenote_category":0,"footnotes":""},"class_list":["post-16","page","type-page","status-publish","hentry"],"acf":[],"aioseo_notices":[],"_links":{"self":[{"href":"https:\/\/angelasheaven.com\/sv\/wp-json\/wp\/v2\/pages\/16","targetHints":{"allow":["GET"]}}],"collection":[{"href":"https:\/\/angelasheaven.com\/sv\/wp-json\/wp\/v2\/pages"}],"about":[{"href":"https:\/\/angelasheaven.com\/sv\/wp-json\/wp\/v2\/types\/page"}],"author":[{"embeddable":true,"href":"https:\/\/angelasheaven.com\/sv\/wp-json\/wp\/v2\/users\/1"}],"replies":[{"embeddable":true,"href":"https:\/\/angelasheaven.com\/sv\/wp-json\/wp\/v2\/comments?post=16"}],"version-history":[{"count":14,"href":"https:\/\/angelasheaven.com\/sv\/wp-json\/wp\/v2\/pages\/16\/revisions"}],"predecessor-version":[{"id":19553,"href":"https:\/\/angelasheaven.com\/sv\/wp-json\/wp\/v2\/pages\/16\/revisions\/19553"}],"wp:attachment":[{"href":"https:\/\/angelasheaven.com\/sv\/wp-json\/wp\/v2\/media?parent=16"}],"curies":[{"name":"wp","href":"https:\/\/api.w.org\/{rel}","templated":true}]}}