{"id":19428,"date":"2025-07-07T11:40:57","date_gmt":"2025-07-07T11:40:57","guid":{"rendered":"https:\/\/angelasheaven.com\/?page_id=19428"},"modified":"2025-07-07T11:40:57","modified_gmt":"2025-07-07T11:40:57","slug":"bundles","status":"publish","type":"page","link":"https:\/\/angelasheaven.com\/sv\/bundles\/","title":{"rendered":"paketerbjudande"},"content":{"rendered":"<div class=\"fusion-fullwidth fullwidth-box fusion-builder-row-1 fusion-flex-container has-pattern-background has-mask-background nonhundred-percent-fullwidth non-hundred-percent-height-scrolling\" style=\"--awb-border-radius-top-left:0px;--awb-border-radius-top-right:0px;--awb-border-radius-bottom-right:0px;--awb-border-radius-bottom-left:0px;--awb-flex-wrap:wrap;\" ><div class=\"fusion-builder-row fusion-row fusion-flex-align-items-flex-start fusion-flex-content-wrap\" style=\"max-width:1216.8px;margin-left: calc(-4% \/ 2 );margin-right: calc(-4% \/ 2 );\"><div class=\"fusion-layout-column fusion_builder_column fusion-builder-column-0 fusion_builder_column_1_1 1_1 fusion-flex-column\" style=\"--awb-bg-size:cover;--awb-width-large:100%;--awb-margin-top-large:0px;--awb-spacing-right-large:1.92%;--awb-margin-bottom-large:20px;--awb-spacing-left-large:1.92%;--awb-width-medium:100%;--awb-order-medium:0;--awb-spacing-right-medium:1.92%;--awb-spacing-left-medium:1.92%;--awb-width-small:100%;--awb-order-small:0;--awb-spacing-right-small:1.92%;--awb-spacing-left-small:1.92%;\"><div class=\"fusion-column-wrapper fusion-column-has-shadow fusion-flex-justify-content-flex-start fusion-content-layout-column\"><div class=\"fusion-title title fusion-title-1 fusion-title-center fusion-title-text fusion-title-size-one\"><div class=\"title-sep-container title-sep-container-left\"><div class=\"title-sep sep- sep-solid\" style=\"border-color:var(--awb-color3);\"><\/div><\/div><span class=\"awb-title-spacer\"><\/span><h1 class=\"fusion-title-heading title-heading-center fusion-responsive-typography-calculated\" style=\"margin:0;text-transform:capitalize;--fontSize:66;line-height:var(--awb-typography1-line-height);\">Paketerbjudande<\/h1><span class=\"awb-title-spacer\"><\/span><div class=\"title-sep-container title-sep-container-right\"><div class=\"title-sep sep- sep-solid\" style=\"border-color:var(--awb-color3);\"><\/div><\/div><\/div><div class=\"fusion-woo-product-grid fusion-product-archive fusion-woo-product-grid-1\"><ul class=\"products products-3\"><li class=\"product type-product post-19494 status-publish first instock product_cat-bundles has-post-thumbnail taxable shipping-taxable purchasable product-type-variable product-grid-view\">\n\t<div class=\"fusion-product-wrapper\">\n\n<div class=\"fusion-clean-product-image-wrapper\">\n\t<div  class=\"fusion-image-wrapper fusion-image-size-fixed\" aria-haspopup=\"true\">\n\t\t\t\t<img decoding=\"async\" width=\"500\" height=\"681\" src=\"https:\/\/angelasheaven.com\/wp-content\/uploads\/2025\/07\/organic-bodybutter-organic-cream-deodorant-500x681.jpg\" class=\"attachment-woocommerce_thumbnail size-woocommerce_thumbnail lazyload wp-post-image\" alt=\"\" srcset=\"data:image\/svg+xml,%3Csvg%20xmlns%3D%27http%3A%2F%2Fwww.w3.org%2F2000%2Fsvg%27%20width%3D%271010%27%20height%3D%271376%27%20viewBox%3D%270%200%201010%201376%27%3E%3Crect%20width%3D%271010%27%20height%3D%271376%27%20fill-opacity%3D%220%22%2F%3E%3C%2Fsvg%3E\" data-orig-src=\"https:\/\/angelasheaven.com\/wp-content\/uploads\/2025\/07\/organic-bodybutter-organic-cream-deodorant-500x681.jpg\" data-srcset=\"https:\/\/angelasheaven.com\/wp-content\/uploads\/2025\/07\/organic-bodybutter-organic-cream-deodorant-9x12.jpg 9w, https:\/\/angelasheaven.com\/wp-content\/uploads\/2025\/07\/organic-bodybutter-organic-cream-deodorant-200x272.jpg 200w, https:\/\/angelasheaven.com\/wp-content\/uploads\/2025\/07\/organic-bodybutter-organic-cream-deodorant-220x300.jpg 220w, https:\/\/angelasheaven.com\/wp-content\/uploads\/2025\/07\/organic-bodybutter-organic-cream-deodorant-400x545.jpg 400w, https:\/\/angelasheaven.com\/wp-content\/uploads\/2025\/07\/organic-bodybutter-organic-cream-deodorant-500x681.jpg 500w, https:\/\/angelasheaven.com\/wp-content\/uploads\/2025\/07\/organic-bodybutter-organic-cream-deodorant-600x817.jpg 600w, https:\/\/angelasheaven.com\/wp-content\/uploads\/2025\/07\/organic-bodybutter-organic-cream-deodorant-700x954.jpg 700w, https:\/\/angelasheaven.com\/wp-content\/uploads\/2025\/07\/organic-bodybutter-organic-cream-deodorant-752x1024.jpg 752w, https:\/\/angelasheaven.com\/wp-content\/uploads\/2025\/07\/organic-bodybutter-organic-cream-deodorant-768x1046.jpg 768w, https:\/\/angelasheaven.com\/wp-content\/uploads\/2025\/07\/organic-bodybutter-organic-cream-deodorant-800x1090.jpg 800w, https:\/\/angelasheaven.com\/wp-content\/uploads\/2025\/07\/organic-bodybutter-organic-cream-deodorant.jpg 1010w\" data-sizes=\"auto\" \/><div class=\"fusion-rollover\">\n\t<div class=\"fusion-rollover-content\">\n\n\t\t\t\t\n\t\t\n\t\t\t\t\t\t\t\t\n\t\t\t\t\t\t\t\t\n\t\t\n\t\t\t\t\t\t\t\t\t\t\t\t\t\t\t\n\t\t\t\t\t\t\n\t\t\t\t\t\t\t\t\t\t<div class=\"fusion-product-buttons\">\n\t\t\t\t\t<a href=\"https:\/\/angelasheaven.com\/sv\/produkt\/deodorant-bodybutter-bundle\/\" aria-describedby=\"woocommerce_loop_add_to_cart_link_describedby_19494\" data-quantity=\"1\" class=\"button product_type_variable add_to_cart_button\" data-product_id=\"19494\" data-product_sku=\"\" aria-label=\"V\u00e4lj alternativ f\u00f6r \u201d1 Deodorant &amp; 1 Bodybutter\u201d\" rel=\"nofollow\" data-no-translation=\"\" data-trp-gettext=\"\" data-no-translation-aria-label=\"\">V\u00e4lj alternativ<\/a>\t<span id=\"woocommerce_loop_add_to_cart_link_describedby_19494\" class=\"screen-reader-text\">\n\t\tDen h\u00e4r produkten har flera varianter. De olika alternativen kan v\u00e4ljas p\u00e5 produktsidan\t<\/span>\n<span class=\"fusion-rollover-linebreak\">\n\t\/<\/span>\n\n<a href=\"https:\/\/angelasheaven.com\/sv\/produkt\/deodorant-bodybutter-bundle\/\" class=\"show_details_button\">\n\tDetails<\/a>\n\n\t\t\t\t<\/div>\n\t\t\t\t\t\t\t\t\t<a class=\"fusion-link-wrapper\" href=\"https:\/\/angelasheaven.com\/sv\/produkt\/deodorant-bodybutter-bundle\/\" aria-label=\"1 Deodorant &amp; 1 Bodybutter\"><\/a>\n\t<\/div>\n<\/div>\n<\/div>\n<\/div>\n<div class=\"fusion-product-content\">\n\t<div class=\"product-details\">\n\t\t<div class=\"product-details-container\">\n<h3 class=\"product-title\">\n\t<a href=\"https:\/\/angelasheaven.com\/sv\/produkt\/deodorant-bodybutter-bundle\/\">\n\t\t1 Deodorant &amp; 1 Bodybutter\t<\/a>\n<\/h3>\n<div class=\"fusion-price-rating\">\n\n\t<span class=\"price\"><span class=\"woocs_price_code\" data-currency=\"\" data-redraw-id=\"69e1feae51e8b\"  data-product-id=\"19494\"><span class=\"woocommerce-Price-amount amount\"><bdi>51,46<span class=\"woocommerce-Price-currencySymbol\">&#36;<\/span><\/bdi><\/span><\/span><\/span>\n\t\t<\/div>\n\t<\/div>\n<\/div>\n\n\t<\/div> \n\n\n<\/div>\n<\/li>\n<li class=\"product type-product post-19425 status-publish instock product_cat-bundles has-post-thumbnail taxable shipping-taxable purchasable product-type-variable product-grid-view\">\n\t<div class=\"fusion-product-wrapper\">\n\n<div class=\"fusion-clean-product-image-wrapper\">\n\t<div  class=\"fusion-image-wrapper fusion-image-size-fixed\" aria-haspopup=\"true\">\n\t\t\t\t<img decoding=\"async\" width=\"500\" height=\"675\" src=\"https:\/\/angelasheaven.com\/wp-content\/uploads\/2025\/07\/Product-Image-Body-butter-bundle-500x675.png\" class=\"attachment-woocommerce_thumbnail size-woocommerce_thumbnail lazyload wp-post-image\" alt=\"\" srcset=\"data:image\/svg+xml,%3Csvg%20xmlns%3D%27http%3A%2F%2Fwww.w3.org%2F2000%2Fsvg%27%20width%3D%271038%27%20height%3D%271402%27%20viewBox%3D%270%200%201038%201402%27%3E%3Crect%20width%3D%271038%27%20height%3D%271402%27%20fill-opacity%3D%220%22%2F%3E%3C%2Fsvg%3E\" data-orig-src=\"https:\/\/angelasheaven.com\/wp-content\/uploads\/2025\/07\/Product-Image-Body-butter-bundle-500x675.png\" data-srcset=\"https:\/\/angelasheaven.com\/wp-content\/uploads\/2025\/07\/Product-Image-Body-butter-bundle-9x12.png 9w, https:\/\/angelasheaven.com\/wp-content\/uploads\/2025\/07\/Product-Image-Body-butter-bundle-200x270.png 200w, https:\/\/angelasheaven.com\/wp-content\/uploads\/2025\/07\/Product-Image-Body-butter-bundle-222x300.png 222w, https:\/\/angelasheaven.com\/wp-content\/uploads\/2025\/07\/Product-Image-Body-butter-bundle-400x540.png 400w, https:\/\/angelasheaven.com\/wp-content\/uploads\/2025\/07\/Product-Image-Body-butter-bundle-500x675.png 500w, https:\/\/angelasheaven.com\/wp-content\/uploads\/2025\/07\/Product-Image-Body-butter-bundle-600x810.png 600w, https:\/\/angelasheaven.com\/wp-content\/uploads\/2025\/07\/Product-Image-Body-butter-bundle-700x945.png 700w, https:\/\/angelasheaven.com\/wp-content\/uploads\/2025\/07\/Product-Image-Body-butter-bundle-758x1024.png 758w, https:\/\/angelasheaven.com\/wp-content\/uploads\/2025\/07\/Product-Image-Body-butter-bundle-768x1037.png 768w, https:\/\/angelasheaven.com\/wp-content\/uploads\/2025\/07\/Product-Image-Body-butter-bundle-800x1081.png 800w, https:\/\/angelasheaven.com\/wp-content\/uploads\/2025\/07\/Product-Image-Body-butter-bundle.png 1038w\" data-sizes=\"auto\" \/><div class=\"fusion-rollover\">\n\t<div class=\"fusion-rollover-content\">\n\n\t\t\t\t\n\t\t\n\t\t\t\t\t\t\t\t\n\t\t\t\t\t\t\t\t\n\t\t\n\t\t\t\t\t\t\t\t\t\t\t\t\t\t\t\n\t\t\t\t\t\t\n\t\t\t\t\t\t\t\t\t\t<div class=\"fusion-product-buttons\">\n\t\t\t\t\t<a href=\"https:\/\/angelasheaven.com\/sv\/produkt\/hjalp\/\" aria-describedby=\"woocommerce_loop_add_to_cart_link_describedby_19425\" data-quantity=\"1\" class=\"button product_type_variable add_to_cart_button\" data-product_id=\"19425\" data-product_sku=\"\" aria-label=\"V\u00e4lj alternativ f\u00f6r \u201d2 Bodybutters\u201d\" rel=\"nofollow\" data-no-translation=\"\" data-trp-gettext=\"\" data-no-translation-aria-label=\"\">V\u00e4lj alternativ<\/a>\t<span id=\"woocommerce_loop_add_to_cart_link_describedby_19425\" class=\"screen-reader-text\">\n\t\tDen h\u00e4r produkten har flera varianter. De olika alternativen kan v\u00e4ljas p\u00e5 produktsidan\t<\/span>\n<span class=\"fusion-rollover-linebreak\">\n\t\/<\/span>\n\n<a href=\"https:\/\/angelasheaven.com\/sv\/produkt\/hjalp\/\" class=\"show_details_button\">\n\tDetails<\/a>\n\n\t\t\t\t<\/div>\n\t\t\t\t\t\t\t\t\t<a class=\"fusion-link-wrapper\" href=\"https:\/\/angelasheaven.com\/sv\/produkt\/hjalp\/\" aria-label=\"2 Bodybutter\"><\/a>\n\t<\/div>\n<\/div>\n<\/div>\n<\/div>\n<div class=\"fusion-product-content\">\n\t<div class=\"product-details\">\n\t\t<div class=\"product-details-container\">\n<h3 class=\"product-title\">\n\t<a href=\"https:\/\/angelasheaven.com\/sv\/produkt\/hjalp\/\">\n\t\t2 Bodybutter\t<\/a>\n<\/h3>\n<div class=\"fusion-price-rating\">\n\n\t<span class=\"price\"><span class=\"woocs_price_code\" data-currency=\"\" data-redraw-id=\"69e1feae53632\"  data-product-id=\"19425\"><span class=\"woocommerce-Price-amount amount\"><bdi>58,81<span class=\"woocommerce-Price-currencySymbol\">&#36;<\/span><\/bdi><\/span><\/span><\/span>\n\t\t<\/div>\n\t<\/div>\n<\/div>\n\n\t<\/div> \n\n\n<\/div>\n<\/li>\n<li class=\"product type-product post-19492 status-publish last instock product_cat-bundles has-post-thumbnail taxable shipping-taxable purchasable product-type-simple product-grid-view\">\n\t<div class=\"fusion-product-wrapper\">\n\n<div class=\"fusion-clean-product-image-wrapper\">\n\t<div  class=\"fusion-image-wrapper fusion-image-size-fixed\" aria-haspopup=\"true\">\n\t\t\t\t<img decoding=\"async\" width=\"500\" height=\"681\" src=\"https:\/\/angelasheaven.com\/wp-content\/uploads\/2025\/07\/organic-deodorant-angelasheaven-500x681.jpg\" class=\"attachment-woocommerce_thumbnail size-woocommerce_thumbnail lazyload wp-post-image\" alt=\"\" srcset=\"data:image\/svg+xml,%3Csvg%20xmlns%3D%27http%3A%2F%2Fwww.w3.org%2F2000%2Fsvg%27%20width%3D%271010%27%20height%3D%271376%27%20viewBox%3D%270%200%201010%201376%27%3E%3Crect%20width%3D%271010%27%20height%3D%271376%27%20fill-opacity%3D%220%22%2F%3E%3C%2Fsvg%3E\" data-orig-src=\"https:\/\/angelasheaven.com\/wp-content\/uploads\/2025\/07\/organic-deodorant-angelasheaven-500x681.jpg\" data-srcset=\"https:\/\/angelasheaven.com\/wp-content\/uploads\/2025\/07\/organic-deodorant-angelasheaven-9x12.jpg 9w, https:\/\/angelasheaven.com\/wp-content\/uploads\/2025\/07\/organic-deodorant-angelasheaven-200x272.jpg 200w, https:\/\/angelasheaven.com\/wp-content\/uploads\/2025\/07\/organic-deodorant-angelasheaven-220x300.jpg 220w, https:\/\/angelasheaven.com\/wp-content\/uploads\/2025\/07\/organic-deodorant-angelasheaven-400x545.jpg 400w, https:\/\/angelasheaven.com\/wp-content\/uploads\/2025\/07\/organic-deodorant-angelasheaven-500x681.jpg 500w, https:\/\/angelasheaven.com\/wp-content\/uploads\/2025\/07\/organic-deodorant-angelasheaven-600x817.jpg 600w, https:\/\/angelasheaven.com\/wp-content\/uploads\/2025\/07\/organic-deodorant-angelasheaven-700x954.jpg 700w, https:\/\/angelasheaven.com\/wp-content\/uploads\/2025\/07\/organic-deodorant-angelasheaven-752x1024.jpg 752w, https:\/\/angelasheaven.com\/wp-content\/uploads\/2025\/07\/organic-deodorant-angelasheaven-768x1046.jpg 768w, https:\/\/angelasheaven.com\/wp-content\/uploads\/2025\/07\/organic-deodorant-angelasheaven-800x1090.jpg 800w, https:\/\/angelasheaven.com\/wp-content\/uploads\/2025\/07\/organic-deodorant-angelasheaven.jpg 1010w\" data-sizes=\"auto\" \/><div class=\"fusion-rollover\">\n\t<div class=\"fusion-rollover-content\">\n\n\t\t\t\t\n\t\t\n\t\t\t\t\t\t\t\t\n\t\t\t\t\t\t\t\t\n\t\t\n\t\t\t\t\t\t\t\t\t\t\t\t\t\t\t\n\t\t\t\t\t\t\n\t\t\t\t\t\t\t\t\t\t<div class=\"fusion-product-buttons\">\n\t\t\t\t\t<a href=\"\/sv\/wp-json\/wp\/v2\/pages\/19428?add-to-cart=19492\" aria-describedby=\"woocommerce_loop_add_to_cart_link_describedby_19492\" data-quantity=\"1\" class=\"button product_type_simple add_to_cart_button ajax_add_to_cart\" data-product_id=\"19492\" data-product_sku=\"\" aria-label=\"L\u00e4gg till i varukorgen: \u201d2 Deodorants\u201d\" rel=\"nofollow\" data-no-translation=\"\" data-trp-gettext=\"\" data-no-translation-aria-label=\"\">L\u00e4gg till i varukorg<\/a>\t<span id=\"woocommerce_loop_add_to_cart_link_describedby_19492\" class=\"screen-reader-text\">\n\t\t\t<\/span>\n<span class=\"fusion-rollover-linebreak\">\n\t\/<\/span>\n\n<a href=\"https:\/\/angelasheaven.com\/sv\/produkt\/deodorant-bundle\/\" class=\"show_details_button\">\n\tDetails<\/a>\n\n\t\t\t\t<\/div>\n\t\t\t\t\t\t\t\t\t<a class=\"fusion-link-wrapper\" href=\"https:\/\/angelasheaven.com\/sv\/produkt\/deodorant-bundle\/\" aria-label=\"2 Deodoranter\"><\/a>\n\t<\/div>\n<\/div>\n<\/div>\n<\/div>\n<div class=\"fusion-product-content\">\n\t<div class=\"product-details\">\n\t\t<div class=\"product-details-container\">\n<h3 class=\"product-title\">\n\t<a href=\"https:\/\/angelasheaven.com\/sv\/produkt\/deodorant-bundle\/\">\n\t\t2 Deodoranter\t<\/a>\n<\/h3>\n<div class=\"fusion-price-rating\">\n\n\t<span class=\"price\"><span class=\"woocs_price_code\" data-currency=\"\" data-redraw-id=\"69e1feae54a76\"  data-product-id=\"19492\"><span class=\"woocommerce-Price-amount amount\"><bdi>40,96<span class=\"woocommerce-Price-currencySymbol\">&#36;<\/span><\/bdi><\/span><\/span><\/span>\n\t\t<\/div>\n\t<\/div>\n<\/div>\n\n\t<\/div> \n\n\n<\/div>\n<\/li>\n<li class=\"product type-product post-19549 status-publish first instock product_cat-bundles has-post-thumbnail taxable shipping-taxable purchasable product-type-variable product-grid-view\">\n\t<div class=\"fusion-product-wrapper\">\n\n<div class=\"fusion-clean-product-image-wrapper\">\n\t<div  class=\"fusion-image-wrapper fusion-image-size-fixed\" aria-haspopup=\"true\">\n\t\t\t\t<img decoding=\"async\" width=\"500\" height=\"681\" src=\"https:\/\/angelasheaven.com\/wp-content\/uploads\/2025\/07\/organic-bodybutter-organic-cream-deodorant-serum-500x681.jpg\" class=\"attachment-woocommerce_thumbnail size-woocommerce_thumbnail lazyload wp-post-image\" alt=\"\" srcset=\"data:image\/svg+xml,%3Csvg%20xmlns%3D%27http%3A%2F%2Fwww.w3.org%2F2000%2Fsvg%27%20width%3D%271010%27%20height%3D%271376%27%20viewBox%3D%270%200%201010%201376%27%3E%3Crect%20width%3D%271010%27%20height%3D%271376%27%20fill-opacity%3D%220%22%2F%3E%3C%2Fsvg%3E\" data-orig-src=\"https:\/\/angelasheaven.com\/wp-content\/uploads\/2025\/07\/organic-bodybutter-organic-cream-deodorant-serum-500x681.jpg\" data-srcset=\"https:\/\/angelasheaven.com\/wp-content\/uploads\/2025\/07\/organic-bodybutter-organic-cream-deodorant-serum-9x12.jpg 9w, https:\/\/angelasheaven.com\/wp-content\/uploads\/2025\/07\/organic-bodybutter-organic-cream-deodorant-serum-200x272.jpg 200w, https:\/\/angelasheaven.com\/wp-content\/uploads\/2025\/07\/organic-bodybutter-organic-cream-deodorant-serum-220x300.jpg 220w, https:\/\/angelasheaven.com\/wp-content\/uploads\/2025\/07\/organic-bodybutter-organic-cream-deodorant-serum-400x545.jpg 400w, https:\/\/angelasheaven.com\/wp-content\/uploads\/2025\/07\/organic-bodybutter-organic-cream-deodorant-serum-500x681.jpg 500w, https:\/\/angelasheaven.com\/wp-content\/uploads\/2025\/07\/organic-bodybutter-organic-cream-deodorant-serum-600x817.jpg 600w, https:\/\/angelasheaven.com\/wp-content\/uploads\/2025\/07\/organic-bodybutter-organic-cream-deodorant-serum-700x954.jpg 700w, https:\/\/angelasheaven.com\/wp-content\/uploads\/2025\/07\/organic-bodybutter-organic-cream-deodorant-serum-752x1024.jpg 752w, https:\/\/angelasheaven.com\/wp-content\/uploads\/2025\/07\/organic-bodybutter-organic-cream-deodorant-serum-768x1046.jpg 768w, https:\/\/angelasheaven.com\/wp-content\/uploads\/2025\/07\/organic-bodybutter-organic-cream-deodorant-serum-800x1090.jpg 800w, https:\/\/angelasheaven.com\/wp-content\/uploads\/2025\/07\/organic-bodybutter-organic-cream-deodorant-serum.jpg 1010w\" data-sizes=\"auto\" \/><div class=\"fusion-rollover\">\n\t<div class=\"fusion-rollover-content\">\n\n\t\t\t\t\n\t\t\n\t\t\t\t\t\t\t\t\n\t\t\t\t\t\t\t\t\n\t\t\n\t\t\t\t\t\t\t\t\t\t\t\t\t\t\t\n\t\t\t\t\t\t\n\t\t\t\t\t\t\t\t\t\t<div class=\"fusion-product-buttons\">\n\t\t\t\t\t<a href=\"https:\/\/angelasheaven.com\/sv\/produkt\/start-package\/\" aria-describedby=\"woocommerce_loop_add_to_cart_link_describedby_19549\" data-quantity=\"1\" class=\"button product_type_variable add_to_cart_button\" data-product_id=\"19549\" data-product_sku=\"\" aria-label=\"V\u00e4lj alternativ f\u00f6r \u201dThe Heavenly Glow Kit\u201d\" rel=\"nofollow\" data-no-translation=\"\" data-trp-gettext=\"\" data-no-translation-aria-label=\"\">V\u00e4lj alternativ<\/a>\t<span id=\"woocommerce_loop_add_to_cart_link_describedby_19549\" class=\"screen-reader-text\">\n\t\tDen h\u00e4r produkten har flera varianter. De olika alternativen kan v\u00e4ljas p\u00e5 produktsidan\t<\/span>\n<span class=\"fusion-rollover-linebreak\">\n\t\/<\/span>\n\n<a href=\"https:\/\/angelasheaven.com\/sv\/produkt\/start-package\/\" class=\"show_details_button\">\n\tDetails<\/a>\n\n\t\t\t\t<\/div>\n\t\t\t\t\t\t\t\t\t<a class=\"fusion-link-wrapper\" href=\"https:\/\/angelasheaven.com\/sv\/produkt\/start-package\/\" aria-label=\"Heavenly Glow Kit\"><\/a>\n\t<\/div>\n<\/div>\n<\/div>\n<\/div>\n<div class=\"fusion-product-content\">\n\t<div class=\"product-details\">\n\t\t<div class=\"product-details-container\">\n<h3 class=\"product-title\">\n\t<a href=\"https:\/\/angelasheaven.com\/sv\/produkt\/start-package\/\">\n\t\tHeavenly Glow Kit\t<\/a>\n<\/h3>\n<div class=\"fusion-price-rating\">\n\n\t<span class=\"price\"><span class=\"woocs_price_code\" data-currency=\"\" data-redraw-id=\"69e1feae561ab\"  data-product-id=\"19549\"><span class=\"woocommerce-Price-amount amount\"><bdi>128,33<span class=\"woocommerce-Price-currencySymbol\">&#36;<\/span><\/bdi><\/span><\/span><\/span>\n\t\t<\/div>\n\t<\/div>\n<\/div>\n\n\t<\/div> \n\n\n<\/div>\n<\/li>\n<\/ul><div class=\"fusion-woo-product-grid-pagination fusion-clearfix\"><\/div><\/div><\/div><\/div><\/div><\/div>","protected":false},"excerpt":{"rendered":"","protected":false},"author":1,"featured_media":0,"parent":0,"menu_order":0,"comment_status":"closed","ping_status":"closed","template":"100-width.php","meta":{"_acf_changed":false,"_bbp_topic_count":0,"_bbp_reply_count":0,"_bbp_total_topic_count":0,"_bbp_total_reply_count":0,"_bbp_voice_count":0,"_bbp_anonymous_reply_count":0,"_bbp_topic_count_hidden":0,"_bbp_reply_count_hidden":0,"_bbp_forum_subforum_count":0,"om_disable_all_campaigns":false,"wprm-recipe-roundup-name":"","wprm-recipe-roundup-description":"","_monsterinsights_skip_tracking":false,"_monsterinsights_sitenote_active":false,"_monsterinsights_sitenote_note":"","_monsterinsights_sitenote_category":0,"footnotes":""},"class_list":["post-19428","page","type-page","status-publish","hentry"],"acf":[],"aioseo_notices":[],"_links":{"self":[{"href":"https:\/\/angelasheaven.com\/sv\/wp-json\/wp\/v2\/pages\/19428","targetHints":{"allow":["GET"]}}],"collection":[{"href":"https:\/\/angelasheaven.com\/sv\/wp-json\/wp\/v2\/pages"}],"about":[{"href":"https:\/\/angelasheaven.com\/sv\/wp-json\/wp\/v2\/types\/page"}],"author":[{"embeddable":true,"href":"https:\/\/angelasheaven.com\/sv\/wp-json\/wp\/v2\/users\/1"}],"replies":[{"embeddable":true,"href":"https:\/\/angelasheaven.com\/sv\/wp-json\/wp\/v2\/comments?post=19428"}],"version-history":[{"count":3,"href":"https:\/\/angelasheaven.com\/sv\/wp-json\/wp\/v2\/pages\/19428\/revisions"}],"predecessor-version":[{"id":19431,"href":"https:\/\/angelasheaven.com\/sv\/wp-json\/wp\/v2\/pages\/19428\/revisions\/19431"}],"wp:attachment":[{"href":"https:\/\/angelasheaven.com\/sv\/wp-json\/wp\/v2\/media?parent=19428"}],"curies":[{"name":"wp","href":"https:\/\/api.w.org\/{rel}","templated":true}]}}