{"id":15412,"date":"2022-02-04T13:22:39","date_gmt":"2022-02-04T13:22:39","guid":{"rendered":"https:\/\/angelasheaven.com\/?post_type=product&#038;p=15412"},"modified":"2026-01-20T12:58:58","modified_gmt":"2026-01-20T12:58:58","slug":"organic-body-butter","status":"publish","type":"product","link":"https:\/\/angelasheaven.com\/sv\/produkt\/organic-body-butter\/","title":{"rendered":"Ekologiskt  bodybutter"},"content":{"rendered":"<h3 data-start=\"2196\" data-end=\"2227\">Ingredienser<\/h3>\n<p data-start=\"2229\" data-end=\"2503\"><strong data-start=\"2229\" data-end=\"2503\">Aqua, Mangifera Indica Seed Butter, Caprylic\/Capric Triglyceride, Prunus Armeniaca Kernel Oil, Glyceryl Monostearate, Cetyl Alcohol, Glycerin, Tocopherol, Chrondrus Chrispus Powder, Macrocystis Pyrifera Extract, Glycerin, Aqua, Sodium Levulinate, Sodium Anisate, Parfum.<\/strong><\/p>\n<p>V\u00e5ra dofter \u00e4r tillverkade i Frankrike i FRA certifierade fabriker..<\/p>\n<p><img decoding=\"async\" class=\"lazyload alignnone size-full wp-image-19210\" src=\"https:\/\/angelasheaven.com\/wp-content\/uploads\/2022\/02\/Perfume.png\" data-orig-src=\"https:\/\/angelasheaven.com\/wp-content\/uploads\/2022\/02\/Perfume.png\" alt=\"\" width=\"1024\" height=\"326\" srcset=\"data:image\/svg+xml,%3Csvg%20xmlns%3D%27http%3A%2F%2Fwww.w3.org%2F2000%2Fsvg%27%20width%3D%271024%27%20height%3D%27326%27%20viewBox%3D%270%200%201024%20326%27%3E%3Crect%20width%3D%271024%27%20height%3D%27326%27%20fill-opacity%3D%220%22%2F%3E%3C%2Fsvg%3E\" data-srcset=\"https:\/\/angelasheaven.com\/wp-content\/uploads\/2022\/02\/Perfume-18x6.png 18w, https:\/\/angelasheaven.com\/wp-content\/uploads\/2022\/02\/Perfume-200x64.png 200w, https:\/\/angelasheaven.com\/wp-content\/uploads\/2022\/02\/Perfume-300x96.png 300w, https:\/\/angelasheaven.com\/wp-content\/uploads\/2022\/02\/Perfume-400x127.png 400w, https:\/\/angelasheaven.com\/wp-content\/uploads\/2022\/02\/Perfume-500x159.png 500w, https:\/\/angelasheaven.com\/wp-content\/uploads\/2022\/02\/Perfume-600x191.png 600w, https:\/\/angelasheaven.com\/wp-content\/uploads\/2022\/02\/Perfume-700x223.png 700w, https:\/\/angelasheaven.com\/wp-content\/uploads\/2022\/02\/Perfume-768x245.png 768w, https:\/\/angelasheaven.com\/wp-content\/uploads\/2022\/02\/Perfume-800x255.png 800w, https:\/\/angelasheaven.com\/wp-content\/uploads\/2022\/02\/Perfume.png 1024w\" data-sizes=\"auto\" data-orig-sizes=\"(max-width: 1024px) 100vw, 1024px\" \/><\/p>","protected":false},"excerpt":{"rendered":"<h3 data-start=\"350\" data-end=\"658\"><strong data-start=\"350\" data-end=\"439\">Det b\u00f6rjar med en silkeslen k\u00e4nsla - och sen kommer doften. Fr\u00e4sch, mjuk, upplyftande...of\u00f6rgl\u00f6mlig. Och just d\u00e4r b\u00f6rjar din nya standard.<\/strong><\/h3>\n<p data-start=\"72\" data-end=\"577\">Den h\u00e4r ljuvliga bodybuttern \u00e4r gjord med kelp \u2013 en alg som v\u00e4xer i grunda, ljusfyllda kustvatten i kalla hav. Kelp \u00e4r inte bara en alg fr\u00e5n stora, vackra undervattensskogar \u2013 den \u00e4r ocks\u00e5 ett hudv\u00e5rdsguld. Fylld av vitaminer, mineraler, aminosyror och antioxidanter, ger den huden en riktig boost: \u00e5terfuktar, st\u00e4rker hudens barri\u00e4r och skyddar mot yttre p\u00e5frestningar. Kelp inneh\u00e5ller \u00e4ven polysackarider som hj\u00e4lper huden att binda fukt och bevarar den sp\u00e4nstig och mjuk l\u00e4ngre.<\/p>\n<p data-start=\"579\" data-end=\"913\">Den n\u00e4rande basen best\u00e5r av mangosm\u00f6r, som \u00e4r rikt p\u00e5 vitamin A och E och k\u00e4nt f\u00f6r sina mjukg\u00f6rande och \u00e5teruppbyggande egenskaper. Perfekt f\u00f6r torr, k\u00e4nslig eller mogen hud. Nattljusolja tillf\u00f6r rikligt med gamma-linolensyra (GLA) \u2013 en fettsyra som har dokumenterad effekt vid hudproblem som eksem, irritation och \u00e5ldrande hud.<\/p>\n<p data-start=\"915\" data-end=\"1138\">F\u00f6r att f\u00e5 en lyxigt silkeslen konsistens har vi tillsatt MCT-olja, som snabbt absorberas utan att k\u00e4nnas fet. Tillsammans med glycerol och natriumlaktat kapslar den in fukten p\u00e5 djupet \u2013 och h\u00e5ller huden \u00e5terfuktad under l\u00e5ng tid.<\/p>\n<p data-start=\"915\" data-end=\"1138\">200 ml.<\/p>\n<h3 data-start=\"1351\" data-end=\"1459\"><strong data-start=\"1351\" data-end=\"1366\">Resultatet?<\/strong><\/h3>\n<p data-start=\"1351\" data-end=\"1459\" data-is-last-node=\"\" data-is-only-node=\"\">Ett bodybutter som sm\u00e4lter in i huden och l\u00e4mnar efter sig en sammetslen glans.<\/p>\n<h3 data-start=\"704\" data-end=\"731\">V\u00e4lj din doftfavorit:<\/h3>\n<p><img decoding=\"async\" class=\"alignnone wp-image-19214 size-thumbnail\" src=\"https:\/\/angelasheaven.com\/wp-content\/uploads\/2022\/02\/Product-Image-Fresh-Linen-01-1-120x120.png\" alt=\"\" width=\"120\" height=\"120\" srcset=\"https:\/\/angelasheaven.com\/wp-content\/uploads\/2022\/02\/Product-Image-Fresh-Linen-01-1-66x66.png 66w, https:\/\/angelasheaven.com\/wp-content\/uploads\/2022\/02\/Product-Image-Fresh-Linen-01-1-100x100.png 100w, https:\/\/angelasheaven.com\/wp-content\/uploads\/2022\/02\/Product-Image-Fresh-Linen-01-1-120x120.png 120w\" sizes=\"(max-width: 120px) 100vw, 120px\" \/><\/p>\n<p data-start=\"733\" data-end=\"1118\"><strong>Fresh Linen<\/strong><br data-start=\"744\" data-end=\"747\" \/>L\u00e4tt, krispig och naturligt fr\u00e4sch \u2013 Fresh Linen doftar som nytv\u00e4ttade lakan som h\u00e4ngt i solen. Du vet den d\u00e4r k\u00e4nslan n\u00e4r du kryper ner i en s\u00e4ng som doftar sommar, lugn och renhet?<br data-start=\"885\" data-end=\"888\" \/>Precis s\u00e5. En ren favorit som aldrig blir f\u00f6r mycket \u2013 bara alldeles, alldeles lagom.<\/p>\n<p data-start=\"733\" data-end=\"1118\"><img decoding=\"async\" class=\"alignnone wp-image-19219 size-thumbnail\" src=\"https:\/\/angelasheaven.com\/wp-content\/uploads\/2022\/02\/Product-Image-Organic-Body-Butter-Rich-Amber-02-120x120.png\" alt=\"\" width=\"120\" height=\"120\" srcset=\"https:\/\/angelasheaven.com\/wp-content\/uploads\/2022\/02\/Product-Image-Organic-Body-Butter-Rich-Amber-02-66x66.png 66w, https:\/\/angelasheaven.com\/wp-content\/uploads\/2022\/02\/Product-Image-Organic-Body-Butter-Rich-Amber-02-100x100.png 100w, https:\/\/angelasheaven.com\/wp-content\/uploads\/2022\/02\/Product-Image-Organic-Body-Butter-Rich-Amber-02-120x120.png 120w\" sizes=\"(max-width: 120px) 100vw, 120px\" \/><\/p>\n<p data-start=\"1120\" data-end=\"1510\"><strong>Rich Amber<\/strong><br data-start=\"1130\" data-end=\"1133\" \/>Djup, varm och of\u00f6rgl\u00f6mlig \u2013 Rich Amber \u00e4r din dagliga dos av stillsam lyx.<br data-start=\"1211\" data-end=\"1214\" \/>Med varma toner av l\u00f6nnsirap, kaffe, choklad och lakrits, har den h\u00e4r doften en mjuk intensitet som k\u00e4nns b\u00e5de grundande och lyxig p\u00e5 samma g\u00e5ng. Basnoterna av patchouli, tonkab\u00f6na och mysk ger djup och karakt\u00e4r \u2013 perfekt f\u00f6r dig som \u00e4lskar en fyllig, mysig doft med en modern twist. Den \u00e4r som ett varmt, gosigt t\u00e4cke\u2026 men p\u00e5 burk.<\/p>\n<p data-start=\"1120\" data-end=\"1510\"><img decoding=\"async\" class=\"alignnone wp-image-19223 size-thumbnail\" src=\"https:\/\/angelasheaven.com\/wp-content\/uploads\/2022\/02\/Product-Image-Organic-Body-Butter-sensitive-unscented-02-120x120.png\" alt=\"\" width=\"120\" height=\"120\" srcset=\"https:\/\/angelasheaven.com\/wp-content\/uploads\/2022\/02\/Product-Image-Organic-Body-Butter-sensitive-unscented-02-66x66.png 66w, https:\/\/angelasheaven.com\/wp-content\/uploads\/2022\/02\/Product-Image-Organic-Body-Butter-sensitive-unscented-02-100x100.png 100w, https:\/\/angelasheaven.com\/wp-content\/uploads\/2022\/02\/Product-Image-Organic-Body-Butter-sensitive-unscented-02-120x120.png 120w\" sizes=\"(max-width: 120px) 100vw, 120px\" \/><\/p>\n<p data-start=\"1512\" data-end=\"1835\"><strong>Sensitive Unscented<\/strong><br data-start=\"1531\" data-end=\"1534\" \/>Ren, enkel och mild p\u00e5 alla s\u00e4tt. Sensitive Unscented \u00e4r helt fri fr\u00e5n tillsatt doft.<br data-start=\"1621\" data-end=\"1624\" \/>Framtagen f\u00f6r alla hudtyper, men framf\u00f6rallt f\u00f6r dig som f\u00f6redrar endast hudv\u00e5rd utan doft och f\u00f6r dig som \u00e4r lite extra k\u00e4nslig. Perfekt f\u00f6r daglig hudv\u00e5rd, n\u00e4r du \u00e4r gravid och vill h\u00e5lla huden smidig f\u00f6r att undvika bristningar eller f\u00f6r hud som beh\u00f6ver lite extra k\u00e4rlek.<\/p>\n<p>&nbsp;<\/p>\n<p><img decoding=\"async\" class=\"alignnone size-full wp-image-16168\" src=\"https:\/\/angelasheaven.com\/wp-content\/uploads\/2022\/02\/symbols.png\" alt=\"\" width=\"276\" height=\"71\" srcset=\"https:\/\/angelasheaven.com\/wp-content\/uploads\/2022\/02\/symbols-190x49.png 190w, https:\/\/angelasheaven.com\/wp-content\/uploads\/2022\/02\/symbols-272x71.png 272w, https:\/\/angelasheaven.com\/wp-content\/uploads\/2022\/02\/symbols.png 276w\" sizes=\"(max-width: 276px) 100vw, 276px\" \/><\/p>","protected":false},"featured_media":19214,"comment_status":"closed","ping_status":"closed","template":"","meta":{"_acf_changed":false,"_bbp_topic_count":0,"_bbp_reply_count":0,"_bbp_total_topic_count":0,"_bbp_total_reply_count":0,"_bbp_voice_count":0,"_bbp_anonymous_reply_count":0,"_bbp_topic_count_hidden":0,"_bbp_reply_count_hidden":0,"_bbp_forum_subforum_count":0,"om_disable_all_campaigns":false,"wprm-recipe-roundup-name":"","wprm-recipe-roundup-description":"","_monsterinsights_skip_tracking":false,"_monsterinsights_sitenote_active":false,"_monsterinsights_sitenote_note":"","_monsterinsights_sitenote_category":0},"product_brand":[],"product_cat":[3231],"product_tag":[],"class_list":{"0":"post-15412","1":"product","2":"type-product","3":"status-publish","4":"has-post-thumbnail","6":"product_cat-skincare","8":"first","9":"instock","10":"taxable","11":"shipping-taxable","12":"purchasable","13":"product-type-variable"},"acf":[],"aioseo_notices":[],"_links":{"self":[{"href":"https:\/\/angelasheaven.com\/sv\/wp-json\/wp\/v2\/product\/15412","targetHints":{"allow":["GET"]}}],"collection":[{"href":"https:\/\/angelasheaven.com\/sv\/wp-json\/wp\/v2\/product"}],"about":[{"href":"https:\/\/angelasheaven.com\/sv\/wp-json\/wp\/v2\/types\/product"}],"replies":[{"embeddable":true,"href":"https:\/\/angelasheaven.com\/sv\/wp-json\/wp\/v2\/comments?post=15412"}],"wp:featuredmedia":[{"embeddable":true,"href":"https:\/\/angelasheaven.com\/sv\/wp-json\/wp\/v2\/media\/19214"}],"wp:attachment":[{"href":"https:\/\/angelasheaven.com\/sv\/wp-json\/wp\/v2\/media?parent=15412"}],"wp:term":[{"taxonomy":"product_brand","embeddable":true,"href":"https:\/\/angelasheaven.com\/sv\/wp-json\/wp\/v2\/product_brand?post=15412"},{"taxonomy":"product_cat","embeddable":true,"href":"https:\/\/angelasheaven.com\/sv\/wp-json\/wp\/v2\/product_cat?post=15412"},{"taxonomy":"product_tag","embeddable":true,"href":"https:\/\/angelasheaven.com\/sv\/wp-json\/wp\/v2\/product_tag?post=15412"}],"curies":[{"name":"wp","href":"https:\/\/api.w.org\/{rel}","templated":true}]}}