{"id":19065,"date":"2025-05-19T16:01:49","date_gmt":"2025-05-19T16:01:49","guid":{"rendered":"https:\/\/angelasheaven.com\/?post_type=product&#038;p=19065"},"modified":"2026-01-22T14:57:55","modified_gmt":"2026-01-22T14:57:55","slug":"organic-deodorant","status":"publish","type":"product","link":"https:\/\/angelasheaven.com\/sv\/produkt\/organic-deodorant\/","title":{"rendered":"Ekologisk Deodorant Lotion"},"content":{"rendered":"<h3 data-section-id=\"19qvkjd\" data-start=\"235\" data-end=\"275\"><strong>Vad den inneh\u00e5ller (f\u00f6rutom k\u00e4rlek och orimligt h\u00f6ga krav)<\/strong><\/h3>\n<p>Ingredients you can feel good about.<br \/>\nPlant-based, organic components chosen to:<\/p>\n<p>\u2022 neutralize odor naturally<br \/>\n\u2022 care for delicate skin<\/p>\n<p data-start=\"277\" data-end=\"502\"><strong data-start=\"277\" data-end=\"312\">Mangosm\u00f6r\u00a0<\/strong><br data-start=\"318\" data-end=\"321\" \/>Naturens egen drottning av \u00e5terfuktande! Mangosm\u00f6r \u00e4r full av n\u00e4ring som g\u00e5r djupt ner i huden och ger en silkeslen, mjuk k\u00e4nsla.<\/p>\n<p data-start=\"842\" data-end=\"991\"><strong data-start=\"842\" data-end=\"854\">Squalane<\/strong>\u00a0<br data-start=\"860\" data-end=\"863\" \/>Den h\u00e4r fj\u00e4derl\u00e4tta fuktgivaren efterliknar hudens egna oljor \u2013 vilket g\u00f6r att den sm\u00e4lter in p\u00e5 ett \u00f6gonblick och l\u00e4mnar huden mjuk, balanserad och perfekt \u00e5terfuktad.<\/p>\n<p data-start=\"1594\" data-end=\"1742\"><strong data-start=\"1594\" data-end=\"1612\">Tapioka<\/strong> &amp; <strong data-start=\"1744\" data-end=\"1759\">Kaolinlera<\/strong><br data-start=\"1617\" data-end=\"1620\" \/>Den torra dr\u00f6mduon. De h\u00e5ller dig mjuk och fr\u00e4sch hela dagen \u2013 och utan minsta sp\u00e5r av vita r\u00e4nder p\u00e5 kl\u00e4derna.<\/p>\n<p data-start=\"1891\" data-end=\"2061\"><strong data-start=\"1891\" data-end=\"1927\">Bikarbonat\u00a0<\/strong><br data-start=\"1934\" data-end=\"1937\" \/>En naturlig och kraftfull doftneutraliserare som samarbetar med din kropp. Bikarbonat h\u00e5ller dig fr\u00e4sch hela dagen genom att balansera hudens pH och hindra tillv\u00e4xten av bakterier som orsakar d\u00e5lig lukt \u2013 utan att t\u00e4ppa till porerna. Skonsam och mycket effektiv. En ren, naturlig l\u00f6sning f\u00f6r l\u00e5ngvarig fr\u00e4schhet.<\/p>\n<p data-start=\"2063\" data-end=\"2224\"><strong data-start=\"2063\" data-end=\"2106\">Doftessens &amp; eterisk citronolja<\/strong>\u00a0<br data-start=\"2111\" data-end=\"2114\" \/>Doftsatt med milda dofter som f\u00e5r dig att k\u00e4nna dig ren och fr\u00e4sch hela dagen.<\/p>\n<p>50 ml.<\/p>","protected":false},"excerpt":{"rendered":"<h3 data-start=\"126\" data-end=\"326\">Varf\u00f6r den h\u00e4r deodoranten \u00e4r annorlunda<\/h3>\n<p>Den h\u00e4r ekologiska deodoranten \u00e4r gjord med endast rena, naturliga ingredienser och \u00e4r lika mycket en v\u00e5rdande lotion som en effektiv deodorant.<\/p>\n<p>Mjuk och kr\u00e4mig, med en fr\u00e4sch doft av l\u00e4tt citrus och nytv\u00e4ttade lakan, glider den l\u00e4tt \u00f6ver huden och l\u00e4mnar en k\u00e4nsla av mjuk, \u00e5terfuktad hud. Den h\u00e5ller hela dagen, f\u00e5r dig att k\u00e4nna dig fr\u00e4sch \u2013 och l\u00e4mnar aldrig vita m\u00e4rken p\u00e5 kl\u00e4derna.<\/p>\n<p>Huden under armarna \u00e4r en del av din kropp och f\u00f6rtj\u00e4nar samma k\u00e4rlek som hela din kropp. Den \u00e4r lite extra k\u00e4nslig och m\u00e5r allra b\u00e4st av v\u00e5rdande produkter som ger fukt.<\/p>\n<h3>S\u00e5 k\u00e4nns den att anv\u00e4nda<\/h3>\n<p>Konsistensen sm\u00e4lter in i huden och absorberas snabbt. Doften \u00e4r l\u00e4tt och diskret \u2013 aldrig f\u00f6r mycket \u2013 som k\u00e4nslan av att precis ha klivit ut ur duschen. Du k\u00e4nner dig bara\u2026 fr\u00e4sch! Timmar senare finns ingen torrhet, bara den stilla vissheten av att du fortfarande doftar gott.<\/p>\n<h3>Varf\u00f6r valet av deodorant spelar roll<\/h3>\n<p>Det du sm\u00f6rjer p\u00e5 huden varje dag blir en del av din kropps system. Armh\u00e5lorna \u00e4r ett k\u00e4nsligt omr\u00e5de, n\u00e4ra lymfk\u00f6rtlar som hj\u00e4lper kroppen att rena och balansera sig. D\u00e4rf\u00f6r \u00e4r det viktigt att v\u00e4lja produkter som \u00e4r s\u00e5 rena och naturliga som m\u00f6jligt.<\/p>\n<p>M\u00e5nga konventionella deodoranter inneh\u00e5ller aluminiumf\u00f6reningar, syntetiska dofter och andra kemikalier som blockerar svett och st\u00f6r kroppens naturliga processer. Med tiden kan det leda till irritation, torrhet och obalans i huden.<\/p>\n<p>N\u00e4r du v\u00e4ljer en ekologisk deodorant undviker du on\u00f6diga \u00e4mnen och l\u00e5ter kroppen fungera som den \u00e4r t\u00e4nkt att g\u00f6ra. Huden lugnar sig, irritation minskar och balansen \u00e5terv\u00e4nder \u2013 s\u00e5 att du kan k\u00e4nna dig fr\u00e4sch p\u00e5 mer \u00e4n ett s\u00e4tt.<\/p>\n<h3>Varf\u00f6r jag skapade en deodorant<\/h3>\n<p><a href=\"https:\/\/angelasheaven.com\/wp-content\/uploads\/2025\/07\/01.jpg\"><img decoding=\"async\" class=\"alignnone wp-image-19497\" src=\"https:\/\/angelasheaven.com\/wp-content\/uploads\/2025\/07\/01.jpg\" alt=\"\" width=\"374\" height=\"561\" srcset=\"https:\/\/angelasheaven.com\/wp-content\/uploads\/2025\/07\/01-8x12.jpg 8w, https:\/\/angelasheaven.com\/wp-content\/uploads\/2025\/07\/01-200x300.jpg 200w, https:\/\/angelasheaven.com\/wp-content\/uploads\/2025\/07\/01-400x600.jpg 400w, https:\/\/angelasheaven.com\/wp-content\/uploads\/2025\/07\/01-500x750.jpg 500w, https:\/\/angelasheaven.com\/wp-content\/uploads\/2025\/07\/01-600x900.jpg 600w, https:\/\/angelasheaven.com\/wp-content\/uploads\/2025\/07\/01.jpg 683w\" sizes=\"(max-width: 374px) 100vw, 374px\" \/><\/a><\/p>\n<p data-start=\"111\" data-end=\"436\">Jag f\u00f6rst\u00e5r helt om du har provat m\u00e5nga olika ekologiska deodoranter och k\u00e4nner dig frustrerad \u00f6ver att ingen har fungerat. Det finns m\u00e5nga olika m\u00e4rken att v\u00e4lja p\u00e5 och alla s\u00e4ger att <em data-start=\"403\" data-end=\"434\">\"v\u00e5r deodorant \u00e4r s\u00e5\u00e5\u00e5 bra\".<\/em><\/p>\n<p data-start=\"438\" data-end=\"704\">Jag vet precis hur det \u00e4r. Jag testade otaliga deodoranter utan att hitta en som verkligen fungerade \u2013 och det var till slut det som fick mig att best\u00e4mma mig f\u00f6r att skapa en egen. Samtidigt ska jag vara \u00e4rlig: utmaningen i att ta fram den perfekta produkten k\u00e4ndes v\u00e4ldigt lockande f\u00f6r mig, som \u00e4lskar nya kreativa projekt.<\/p>\n<p data-start=\"706\" data-end=\"814\" data-is-last-node=\"\" data-is-only-node=\"\">Jag hoppas du best\u00e4mmer dig f\u00f6r att prova den h\u00e4r deodoranten. Jag \u00e4r riktigt n\u00f6jd med den och anv\u00e4nder den varje dag sedan l\u00e4nge. Mjuk, sk\u00f6n och effektiv.<\/p>\n<p>Angela<\/p>\n<p>&nbsp;<\/p>\n<p><img decoding=\"async\" class=\"alignnone size-full wp-image-16168\" src=\"https:\/\/angelasheaven.com\/wp-content\/uploads\/2022\/02\/symbols.png\" alt=\"\" width=\"276\" height=\"71\" srcset=\"https:\/\/angelasheaven.com\/wp-content\/uploads\/2022\/02\/symbols-190x49.png 190w, https:\/\/angelasheaven.com\/wp-content\/uploads\/2022\/02\/symbols-272x71.png 272w, https:\/\/angelasheaven.com\/wp-content\/uploads\/2022\/02\/symbols.png 276w\" sizes=\"(max-width: 276px) 100vw, 276px\" \/><\/p>","protected":false},"featured_media":20300,"comment_status":"closed","ping_status":"closed","template":"","meta":{"_acf_changed":false,"_bbp_topic_count":0,"_bbp_reply_count":0,"_bbp_total_topic_count":0,"_bbp_total_reply_count":0,"_bbp_voice_count":0,"_bbp_anonymous_reply_count":0,"_bbp_topic_count_hidden":0,"_bbp_reply_count_hidden":0,"_bbp_forum_subforum_count":0,"om_disable_all_campaigns":false,"wprm-recipe-roundup-name":"","wprm-recipe-roundup-description":"","_monsterinsights_skip_tracking":false,"_monsterinsights_sitenote_active":false,"_monsterinsights_sitenote_note":"","_monsterinsights_sitenote_category":0},"product_brand":[],"product_cat":[3231],"product_tag":[],"class_list":{"0":"post-19065","1":"product","2":"type-product","3":"status-publish","4":"has-post-thumbnail","6":"product_cat-skincare","8":"first","9":"instock","10":"taxable","11":"shipping-taxable","12":"purchasable","13":"product-type-simple"},"acf":[],"aioseo_notices":[],"_links":{"self":[{"href":"https:\/\/angelasheaven.com\/sv\/wp-json\/wp\/v2\/product\/19065","targetHints":{"allow":["GET"]}}],"collection":[{"href":"https:\/\/angelasheaven.com\/sv\/wp-json\/wp\/v2\/product"}],"about":[{"href":"https:\/\/angelasheaven.com\/sv\/wp-json\/wp\/v2\/types\/product"}],"replies":[{"embeddable":true,"href":"https:\/\/angelasheaven.com\/sv\/wp-json\/wp\/v2\/comments?post=19065"}],"wp:featuredmedia":[{"embeddable":true,"href":"https:\/\/angelasheaven.com\/sv\/wp-json\/wp\/v2\/media\/20300"}],"wp:attachment":[{"href":"https:\/\/angelasheaven.com\/sv\/wp-json\/wp\/v2\/media?parent=19065"}],"wp:term":[{"taxonomy":"product_brand","embeddable":true,"href":"https:\/\/angelasheaven.com\/sv\/wp-json\/wp\/v2\/product_brand?post=19065"},{"taxonomy":"product_cat","embeddable":true,"href":"https:\/\/angelasheaven.com\/sv\/wp-json\/wp\/v2\/product_cat?post=19065"},{"taxonomy":"product_tag","embeddable":true,"href":"https:\/\/angelasheaven.com\/sv\/wp-json\/wp\/v2\/product_tag?post=19065"}],"curies":[{"name":"wp","href":"https:\/\/api.w.org\/{rel}","templated":true}]}}