{"id":19067,"date":"2025-05-19T16:03:56","date_gmt":"2025-05-19T16:03:56","guid":{"rendered":"https:\/\/angelasheaven.com\/?post_type=product&#038;p=19067"},"modified":"2026-01-20T13:00:07","modified_gmt":"2026-01-20T13:00:07","slug":"serum","status":"publish","type":"product","link":"https:\/\/angelasheaven.com\/sv\/produkt\/serum\/","title":{"rendered":"Matrix Youth Serum"},"content":{"rendered":"<p>&nbsp;<\/p>\n<p>&nbsp;<\/p>","protected":false},"excerpt":{"rendered":"<h2 data-start=\"174\" data-end=\"440\"><strong data-start=\"174\" data-end=\"293\">Matrix - ungdomsserum f\u00f6r lyster, lyft och f\u00f6r att vrida tillbaka klockan<\/strong><\/h2>\n<p data-start=\"174\" data-end=\"440\"><strong data-start=\"174\" data-end=\"293\">Om du ser de f\u00f6rsta tecknen p\u00e5 \u00e5ldrande \u2013 eller om din hud redan har fina linjer, rynkor och k\u00e4nns lite tr\u00f6tt \u2013 d\u00e5 \u00e4r det h\u00e4r serumet f\u00f6r dig.<\/strong><br data-start=\"293\" data-end=\"296\" \/>Matrix \u00e4r inget vanligt serum. Vi har inte bara valt ut en eller tv\u00e5 aktiva ingredienser, utan skapat en kraftfull kombination av naturens mest effektiva hud\u00e4lskande molekyler \u2013 alla noga utvalda f\u00f6r att synligt lyfta, sl\u00e4ta ut och \u00e5terst\u00e4lla hudens naturliga lyster.<\/p>\n<p data-start=\"442\" data-end=\"717\"><strong data-start=\"442\" data-end=\"452\">Matrix<\/strong> \u00e4r fullpackad med kliniskt studerade aktiva ingredienser \u2013 som bakuchiol (naturens egna retinolalternativ), peptider som Argireline och quinoapeptider, \u00e5terfuktande hyaluronsyra, lystergivande niacinamid, lugnande beta-glukan, uppstramande Pepha-Tight och mycket mer.<\/p>\n<p data-start=\"719\" data-end=\"876\">Den inte bara \u00e5terfuktar \u2013 den arbetar aktivt f\u00f6r att \u00e5terst\u00e4lla hudens elasticitet, minska rynkor, ge \u00f6kad lyster och st\u00e4rka din hudbarri\u00e4r, dag efter dag.<\/p>\n<p data-start=\"878\" data-end=\"1037\">L\u00e4tt i konsistensen, men kraftfull p\u00e5 djupet. Silkeslen, men med styrka. Det h\u00e4r \u00e4r din nya dagliga favorit om du vill ha verkliga resultat \u2013 och en hud som str\u00e5lar lika mycket som du k\u00e4nner dig.<\/p>\n<h3 data-start=\"616\" data-end=\"649\"><strong data-start=\"616\" data-end=\"647\">Str\u00e5lande resultat, dag efter dag<\/strong><\/h3>\n<ul data-start=\"650\" data-end=\"805\">\n<li data-start=\"650\" data-end=\"688\">\n<p data-start=\"652\" data-end=\"688\">Mjukare, fastare hud p\u00e5  2\u20134 veckor<\/p>\n<\/li>\n<li data-start=\"689\" data-end=\"726\">\n<p data-start=\"691\" data-end=\"726\">Ljusare ton och j\u00e4mnare textur<\/p>\n<\/li>\n<li data-start=\"727\" data-end=\"767\">\n<p data-start=\"729\" data-end=\"767\">F\u00e4rre sm\u00e5 linjer och mer glow<\/p>\n<\/li>\n<li data-start=\"768\" data-end=\"805\">\n<p data-start=\"770\" data-end=\"805\">St\u00e4rkt hudbarri\u00e4r och lugnare hud<\/p>\n<\/li>\n<\/ul>\n<h3 data-start=\"2983\" data-end=\"3007\"><strong data-start=\"2983\" data-end=\"3005\">Utvecklat med omsorg \u2013 med bevis fr\u00e5n studier<\/strong><\/h3>\n<ul data-start=\"3008\" data-end=\"3299\">\n<li data-start=\"341\" data-end=\"559\">\n<p data-start=\"344\" data-end=\"559\"><strong data-start=\"344\" data-end=\"372\">Niacinamid (vitamin B3)<\/strong><br data-start=\"372\" data-end=\"375\" \/>Bevisad att <em data-start=\"388\" data-end=\"436\">synligt reducera fina linjer och j\u00e4mna ut hudtonen<\/em> och <em data-start=\"441\" data-end=\"470\">\u00f6kar hudens barri\u00e4rfunktion<\/em>. Kliniska studier visar att det st\u00e4rker hudens elasticitet och minskar hyperpigmentering och r\u00f6d hudton.<\/p>\n<\/li>\n<li data-start=\"561\" data-end=\"751\">\n<p data-start=\"564\" data-end=\"751\"><strong data-start=\"564\" data-end=\"606\">Hyaluronsyra (l\u00e5g molekylvikt)<\/strong><br data-start=\"606\" data-end=\"609\" \/>G\u00e5r ner p\u00e5 djupet och \u00e5terfuktar inifr\u00e5n. Studier visar en \u00f6kning av fukt i huden med upp till 96% d\u00e4r <em data-start=\"719\" data-end=\"739\">sm\u00e5 linjer \u00e4r synligt<\/em> utsl\u00e4tade.<\/p>\n<\/li>\n<li data-start=\"753\" data-end=\"967\">\n<p data-start=\"756\" data-end=\"967\"><strong data-start=\"756\" data-end=\"803\">Bakuchiol (Plantbaserat Retinol alternativ)<\/strong><br data-start=\"803\" data-end=\"806\" \/>Kliniskt bevisat att ge <em data-start=\"837\" data-end=\"859\">retinolliknande resultat<\/em>- mjukare hud, f\u00e4rre rynkor -<em data-start=\"890\" data-end=\"910\">utan att irritera<\/em>. Det boostar \u00e4ven kollagenproduktionen och j\u00e4mnar ut hudtonen.<\/p>\n<\/li>\n<li data-start=\"969\" data-end=\"1167\">\n<p data-start=\"972\" data-end=\"1167\"><strong data-start=\"972\" data-end=\"987\">Beta-Glukan<\/strong><br data-start=\"987\" data-end=\"990\" \/>Ett effektivt lugnande \u00e4mne som <em data-start=\"1024\" data-end=\"1044\">lugnar irriterad, inflammerad hud<\/em>, st\u00f6djer hudbarri\u00e4ren och ger 20% mer fukt \u00e4n hyaluronsyra. Perfekt f\u00f6r k\u00e4nslig, \u00e5ldrande eller skadad hud.<\/p>\n<\/li>\n<li data-start=\"1169\" data-end=\"1377\">\n<p data-start=\"1172\" data-end=\"1377\"><strong data-start=\"1172\" data-end=\"1205\">Argireline\u00ae F\u00f6rst\u00e4rkt Peptid<\/strong><br data-start=\"1205\" data-end=\"1208\" \/>K\u00e4nd som<em data-start=\"1221\" data-end=\"1240\">\"Botox p\u00e5 burk\"<\/em>. Den h\u00e4r peptiden g\u00f6r s\u00e5 att de sm\u00e5 musklerna i ansiktet slappnar av och hj\u00e4lper till att minska djupet p\u00e5 uttryckslinjer - speciellt i panna och runt \u00f6gon.<\/p>\n<\/li>\n<li data-start=\"1379\" data-end=\"1556\">\n<p data-start=\"1382\" data-end=\"1556\"><strong data-start=\"1382\" data-end=\"1413\">Pepha-Tight (Algextrakt)<\/strong><br data-start=\"1413\" data-end=\"1416\" \/>Ger en <em data-start=\"1430\" data-end=\"1457\">omedelbar uppstramning<\/em> och boostar kollagenproduktionen \u00f6ver tid. Kliniska studier visar att den ger fastare, mer elastisk hud.<\/p>\n<\/li>\n<li data-start=\"1558\" data-end=\"1738\">\n<p data-start=\"1561\" data-end=\"1738\"><strong data-start=\"1561\" data-end=\"1580\">Quinoapeptider<\/strong><br data-start=\"1580\" data-end=\"1583\" \/>Rik p\u00e5 aminosyror som <em data-start=\"1611\" data-end=\"1632\">ger n\u00e4ring och skyddar.<\/em>De hj\u00e4lper till att ge elasticitet till huden och hindrar att kollagen bryts ned.<\/p>\n<\/li>\n<li data-start=\"1740\" data-end=\"1891\">\n<p data-start=\"1743\" data-end=\"1891\"><strong data-start=\"1743\" data-end=\"1764\">Sojarispeptider<\/strong><br data-start=\"1764\" data-end=\"1767\" \/>Kliniskt bevisad att <em data-start=\"1792\" data-end=\"1827\">minska m\u00f6rka ringar<\/em> under \u00f6gonen samt g\u00f6ra huden fastare och smidigare.<\/p>\n<\/li>\n<li data-start=\"1893\" data-end=\"2083\">\n<p data-start=\"1896\" data-end=\"2083\"><strong data-start=\"1896\" data-end=\"1931\">Havtornsextrakt<\/strong><br data-start=\"1931\" data-end=\"1934\" \/>Ett superb\u00e4r som \u00e4r rikt p\u00e5 omega 3, 6, 7, 9 + vitamin A, C, och E. \u00d6kar cellregeneration, minskar inflammation och <em data-start=\"2056\" data-end=\"2082\">fr\u00e4mjar ett naturligt glow.<\/em>.<\/p>\n<\/li>\n<li data-start=\"2085\" data-end=\"2208\">\n<p data-start=\"2089\" data-end=\"2208\"><strong data-start=\"2089\" data-end=\"2104\">\u00c4ppelvattenextrakt<\/strong><br data-start=\"2104\" data-end=\"2107\" \/>Inneh\u00e5ller naturliga AHA -syror som exfolierar f\u00f6rsiktigt och ger en mjuk, fr\u00e4sch hud.<\/p>\n<\/li>\n<li data-start=\"2210\" data-end=\"2347\">\n<p data-start=\"2214\" data-end=\"2347\"><strong data-start=\"2214\" data-end=\"2226\">Glycerin<\/strong><br data-start=\"2226\" data-end=\"2229\" \/>En klassisk \u00e5terfuktarhj\u00e4lte som drar fukt in i huden och l\u00e5ser in det. <em data-start=\"2308\" data-end=\"2347\">Ger sl\u00e4tare, \u00e5terfuktad hud.<\/em><\/p>\n<\/li>\n<li data-start=\"2349\" data-end=\"2511\">\n<p data-start=\"2353\" data-end=\"2511\"><strong data-start=\"2353\" data-end=\"2379\">Vitamin E<\/strong><br data-start=\"2379\" data-end=\"2382\" \/>En kraftfull antioxidant <em data-start=\"2414\" data-end=\"2441\">som neutraliserar fria radikaler<\/em> och hj\u00e4lper till att bromsa synliga \u00e5lderstecken samtidigt som den f\u00f6rb\u00e4ttrar produktens h\u00e5llbarhet.<\/p>\n<\/li>\n<li data-start=\"2670\" data-end=\"2830\">\n<p data-start=\"2674\" data-end=\"2830\"><strong data-start=\"2674\" data-end=\"2703\">Mj\u00f6lksyra (pH-balanserad)<\/strong><br data-start=\"2703\" data-end=\"2706\" \/>St\u00f6der skonsam exfoliering, f\u00f6rb\u00e4ttrad \u00e5terfuktning och stimulerar hudens naturliga produktion av ceramider f\u00f6r en starkare och mer motst\u00e5ndskraftig hudbarri\u00e4r.<\/p>\n<\/li>\n<\/ul>\n<h3 data-start=\"2755\" data-end=\"2981\"><strong data-start=\"2755\" data-end=\"2773\">Vem passar den f\u00f6r?<\/strong><\/h3>\n<p data-start=\"2755\" data-end=\"2981\">F\u00f6r dig som vill ta din hud till n\u00e4sta niv\u00e5 \u2013 oavsett om du m\u00e4rker de f\u00f6rsta \u00e5lderstecknen, k\u00e4nner dig tr\u00f6tt, gl\u00e5mig eller har torr hud. Det h\u00e4r serumet \u00e4r s\u00e4rskilt perfekt f\u00f6r k\u00e4nslig, mogen eller stressad hud.<\/p>\n<h3 data-start=\"2755\" data-end=\"2981\"><strong data-start=\"2590\" data-end=\"2605\">Anv\u00e4nd s\u00e5 h\u00e4r:<\/strong><\/h3>\n<p data-start=\"2755\" data-end=\"2981\">Applicera 2-3 droppar p\u00e5 ren, l\u00e4tt fuktig hud varje morgon och kv\u00e4ll innan du applicerar dina andra hudv\u00e5rdsprodukter.<\/p>","protected":false},"featured_media":19539,"comment_status":"closed","ping_status":"closed","template":"","meta":{"_acf_changed":false,"_bbp_topic_count":0,"_bbp_reply_count":0,"_bbp_total_topic_count":0,"_bbp_total_reply_count":0,"_bbp_voice_count":0,"_bbp_anonymous_reply_count":0,"_bbp_topic_count_hidden":0,"_bbp_reply_count_hidden":0,"_bbp_forum_subforum_count":0,"om_disable_all_campaigns":false,"wprm-recipe-roundup-name":"","wprm-recipe-roundup-description":"","_monsterinsights_skip_tracking":false,"_monsterinsights_sitenote_active":false,"_monsterinsights_sitenote_note":"","_monsterinsights_sitenote_category":0},"product_brand":[],"product_cat":[3231],"product_tag":[],"class_list":{"0":"post-19067","1":"product","2":"type-product","3":"status-publish","4":"has-post-thumbnail","6":"product_cat-skincare","8":"first","9":"instock","10":"taxable","11":"shipping-taxable","12":"purchasable","13":"product-type-simple"},"acf":[],"aioseo_notices":[],"_links":{"self":[{"href":"https:\/\/angelasheaven.com\/sv\/wp-json\/wp\/v2\/product\/19067","targetHints":{"allow":["GET"]}}],"collection":[{"href":"https:\/\/angelasheaven.com\/sv\/wp-json\/wp\/v2\/product"}],"about":[{"href":"https:\/\/angelasheaven.com\/sv\/wp-json\/wp\/v2\/types\/product"}],"replies":[{"embeddable":true,"href":"https:\/\/angelasheaven.com\/sv\/wp-json\/wp\/v2\/comments?post=19067"}],"wp:featuredmedia":[{"embeddable":true,"href":"https:\/\/angelasheaven.com\/sv\/wp-json\/wp\/v2\/media\/19539"}],"wp:attachment":[{"href":"https:\/\/angelasheaven.com\/sv\/wp-json\/wp\/v2\/media?parent=19067"}],"wp:term":[{"taxonomy":"product_brand","embeddable":true,"href":"https:\/\/angelasheaven.com\/sv\/wp-json\/wp\/v2\/product_brand?post=19067"},{"taxonomy":"product_cat","embeddable":true,"href":"https:\/\/angelasheaven.com\/sv\/wp-json\/wp\/v2\/product_cat?post=19067"},{"taxonomy":"product_tag","embeddable":true,"href":"https:\/\/angelasheaven.com\/sv\/wp-json\/wp\/v2\/product_tag?post=19067"}],"curies":[{"name":"wp","href":"https:\/\/api.w.org\/{rel}","templated":true}]}}