{"id":19425,"date":"2025-07-07T11:30:10","date_gmt":"2025-07-07T11:30:10","guid":{"rendered":"https:\/\/angelasheaven.com\/?post_type=product&#038;p=19425"},"modified":"2026-01-20T13:03:08","modified_gmt":"2026-01-20T13:03:08","slug":"hjalp","status":"publish","type":"product","link":"https:\/\/angelasheaven.com\/sv\/produkt\/hjalp\/","title":{"rendered":"2 Bodybutter"},"content":{"rendered":"<h4 class=\"fusion-responsive-typography-calculated\" data-start=\"704\" data-end=\"731\" data-fontsize=\"18\" data-lineheight=\"28.8px\">V\u00e4lj din doftfavorit:<\/h4>\n<p><img decoding=\"async\" class=\"alignnone wp-image-19214 size-thumbnail lazyautosizes ls-is-cached lazyloaded\" src=\"https:\/\/usercontent.one\/wp\/www.angelasheaven.com\/wp-content\/uploads\/2022\/02\/Product-Image-Fresh-Linen-01-1-120x120.png\" sizes=\"120px\" srcset=\"https:\/\/usercontent.one\/wp\/www.angelasheaven.com\/wp-content\/uploads\/2022\/02\/Product-Image-Fresh-Linen-01-1-66x66.png 66w, https:\/\/usercontent.one\/wp\/www.angelasheaven.com\/wp-content\/uploads\/2022\/02\/Product-Image-Fresh-Linen-01-1-100x100.png 100w, https:\/\/usercontent.one\/wp\/www.angelasheaven.com\/wp-content\/uploads\/2022\/02\/Product-Image-Fresh-Linen-01-1-120x120.png 120w\" alt=\"\" width=\"120\" height=\"120\" data-orig-src=\"https:\/\/usercontent.one\/wp\/www.angelasheaven.com\/wp-content\/uploads\/2022\/02\/Product-Image-Fresh-Linen-01-1-120x120.png\" data-srcset=\"https:\/\/usercontent.one\/wp\/www.angelasheaven.com\/wp-content\/uploads\/2022\/02\/Product-Image-Fresh-Linen-01-1-66x66.png 66w, https:\/\/usercontent.one\/wp\/www.angelasheaven.com\/wp-content\/uploads\/2022\/02\/Product-Image-Fresh-Linen-01-1-100x100.png 100w, https:\/\/usercontent.one\/wp\/www.angelasheaven.com\/wp-content\/uploads\/2022\/02\/Product-Image-Fresh-Linen-01-1-120x120.png 120w\" data-sizes=\"auto\" data-orig-sizes=\"(max-width: 120px) 100vw, 120px\" \/><\/p>\n<p data-start=\"733\" data-end=\"1118\"><strong>Fresh Linen<\/strong><br data-start=\"744\" data-end=\"747\" \/>L\u00e4tt, krispig och naturligt fr\u00e4sch \u2013 Fresh Linen doftar som nytv\u00e4ttade lakan som h\u00e4ngt i solen. Du vet den d\u00e4r k\u00e4nslan n\u00e4r du kryper ner i en s\u00e4ng som doftar sommar, lugn och renhet?<br data-start=\"885\" data-end=\"888\" \/>Precis s\u00e5. En ren favorit som aldrig blir f\u00f6r mycket \u2013 bara alldeles, alldeles lagom.<\/p>\n<p data-start=\"733\" data-end=\"1118\"><img decoding=\"async\" class=\"alignnone wp-image-19219 size-thumbnail lazyautosizes lazyloaded\" src=\"https:\/\/usercontent.one\/wp\/www.angelasheaven.com\/wp-content\/uploads\/2022\/02\/Product-Image-Organic-Body-Butter-Rich-Amber-02-120x120.png\" sizes=\"120px\" srcset=\"https:\/\/usercontent.one\/wp\/www.angelasheaven.com\/wp-content\/uploads\/2022\/02\/Product-Image-Organic-Body-Butter-Rich-Amber-02-66x66.png 66w, https:\/\/usercontent.one\/wp\/www.angelasheaven.com\/wp-content\/uploads\/2022\/02\/Product-Image-Organic-Body-Butter-Rich-Amber-02-100x100.png 100w, https:\/\/usercontent.one\/wp\/www.angelasheaven.com\/wp-content\/uploads\/2022\/02\/Product-Image-Organic-Body-Butter-Rich-Amber-02-120x120.png 120w\" alt=\"\" width=\"120\" height=\"120\" data-orig-src=\"https:\/\/usercontent.one\/wp\/www.angelasheaven.com\/wp-content\/uploads\/2022\/02\/Product-Image-Organic-Body-Butter-Rich-Amber-02-120x120.png\" data-srcset=\"https:\/\/usercontent.one\/wp\/www.angelasheaven.com\/wp-content\/uploads\/2022\/02\/Product-Image-Organic-Body-Butter-Rich-Amber-02-66x66.png 66w, https:\/\/usercontent.one\/wp\/www.angelasheaven.com\/wp-content\/uploads\/2022\/02\/Product-Image-Organic-Body-Butter-Rich-Amber-02-100x100.png 100w, https:\/\/usercontent.one\/wp\/www.angelasheaven.com\/wp-content\/uploads\/2022\/02\/Product-Image-Organic-Body-Butter-Rich-Amber-02-120x120.png 120w\" data-sizes=\"auto\" data-orig-sizes=\"(max-width: 120px) 100vw, 120px\" \/><\/p>\n<p data-start=\"1120\" data-end=\"1510\"><strong>Rich Amber<\/strong><br data-start=\"1130\" data-end=\"1133\" \/>Djup, varm och of\u00f6rgl\u00f6mlig \u2013 Rich Amber \u00e4r din dagliga dos av stillsam lyx.<br data-start=\"1211\" data-end=\"1214\" \/>Med varma toner av l\u00f6nnsirap, kaffe, choklad och lakrits, har den h\u00e4r doften en mjuk intensitet som k\u00e4nns b\u00e5de grundande och lyxig p\u00e5 samma g\u00e5ng. Basnoterna av patchouli, tonkab\u00f6na och mysk ger djup och karakt\u00e4r \u2013 perfekt f\u00f6r dig som \u00e4lskar en fyllig, mysig doft med en modern twist. Den \u00e4r som ett varmt, gosigt t\u00e4cke\u2026 men p\u00e5 burk.<\/p>\n<p data-start=\"1120\" data-end=\"1510\"><img decoding=\"async\" class=\"alignnone wp-image-19223 size-thumbnail lazyautosizes lazyloaded\" src=\"https:\/\/usercontent.one\/wp\/www.angelasheaven.com\/wp-content\/uploads\/2022\/02\/Product-Image-Organic-Body-Butter-sensitive-unscented-02-120x120.png\" sizes=\"120px\" srcset=\"https:\/\/usercontent.one\/wp\/www.angelasheaven.com\/wp-content\/uploads\/2022\/02\/Product-Image-Organic-Body-Butter-sensitive-unscented-02-66x66.png 66w, https:\/\/usercontent.one\/wp\/www.angelasheaven.com\/wp-content\/uploads\/2022\/02\/Product-Image-Organic-Body-Butter-sensitive-unscented-02-100x100.png 100w, https:\/\/usercontent.one\/wp\/www.angelasheaven.com\/wp-content\/uploads\/2022\/02\/Product-Image-Organic-Body-Butter-sensitive-unscented-02-120x120.png 120w\" alt=\"\" width=\"120\" height=\"120\" data-orig-src=\"https:\/\/usercontent.one\/wp\/www.angelasheaven.com\/wp-content\/uploads\/2022\/02\/Product-Image-Organic-Body-Butter-sensitive-unscented-02-120x120.png\" data-srcset=\"https:\/\/usercontent.one\/wp\/www.angelasheaven.com\/wp-content\/uploads\/2022\/02\/Product-Image-Organic-Body-Butter-sensitive-unscented-02-66x66.png 66w, https:\/\/usercontent.one\/wp\/www.angelasheaven.com\/wp-content\/uploads\/2022\/02\/Product-Image-Organic-Body-Butter-sensitive-unscented-02-100x100.png 100w, https:\/\/usercontent.one\/wp\/www.angelasheaven.com\/wp-content\/uploads\/2022\/02\/Product-Image-Organic-Body-Butter-sensitive-unscented-02-120x120.png 120w\" data-sizes=\"auto\" data-orig-sizes=\"(max-width: 120px) 100vw, 120px\" \/><\/p>\n<p data-start=\"1512\" data-end=\"1835\"><strong>Sensitive Unscented<\/strong><br data-start=\"1531\" data-end=\"1534\" \/>Ren, enkel och mild p\u00e5 alla s\u00e4tt. Sensitive Unscented \u00e4r helt fri fr\u00e5n tillsatt doft.<br data-start=\"1621\" data-end=\"1624\" \/>Framtagen f\u00f6r alla hudtyper, men framf\u00f6rallt f\u00f6r dig som f\u00f6redrar endast hudv\u00e5rd utan doft och f\u00f6r dig som \u00e4r lite extra k\u00e4nslig. Perfekt f\u00f6r daglig hudv\u00e5rd, n\u00e4r du \u00e4r gravid och vill h\u00e5lla huden smidig f\u00f6r att undvika bristningar eller f\u00f6r hud som beh\u00f6ver lite extra k\u00e4rlek.<\/p>\n<p>&nbsp;<\/p>\n<p><img decoding=\"async\" class=\"alignnone size-full wp-image-16168 lazyautosizes ls-is-cached lazyloaded\" src=\"https:\/\/usercontent.one\/wp\/www.angelasheaven.com\/wp-content\/uploads\/2022\/02\/symbols.png\" sizes=\"276px\" srcset=\"https:\/\/usercontent.one\/wp\/www.angelasheaven.com\/wp-content\/uploads\/2022\/02\/symbols-190x49.png 190w, https:\/\/usercontent.one\/wp\/www.angelasheaven.com\/wp-content\/uploads\/2022\/02\/symbols-272x71.png 272w, https:\/\/usercontent.one\/wp\/www.angelasheaven.com\/wp-content\/uploads\/2022\/02\/symbols.png 276w\" alt=\"\" width=\"276\" height=\"71\" data-orig-src=\"https:\/\/usercontent.one\/wp\/www.angelasheaven.com\/wp-content\/uploads\/2022\/02\/symbols.png\" data-srcset=\"https:\/\/usercontent.one\/wp\/www.angelasheaven.com\/wp-content\/uploads\/2022\/02\/symbols-190x49.png 190w, https:\/\/usercontent.one\/wp\/www.angelasheaven.com\/wp-content\/uploads\/2022\/02\/symbols-272x71.png 272w, https:\/\/usercontent.one\/wp\/www.angelasheaven.com\/wp-content\/uploads\/2022\/02\/symbols.png 276w\" data-sizes=\"auto\" data-orig-sizes=\"(max-width: 276px) 100vw, 276px\" \/><\/p>\n<h3 class=\"fusion-responsive-typography-calculated\" data-start=\"284\" data-end=\"403\" data-fontsize=\"20\" data-lineheight=\"32px\">Ingredienser<\/h3>\n<ul data-start=\"1646\" data-end=\"2189\">\n<li data-start=\"1646\" data-end=\"1775\">\n<p data-start=\"1648\" data-end=\"1775\"><strong data-start=\"1648\" data-end=\"1684\">Kelp<\/strong>\u00a0- K\u00e4rnan i Angelas Heaven's Body Butter \u00e4r\u00a0<strong data-start=\"720\" data-end=\"740\">ekologisk havskelp<\/strong>Kelp sk\u00f6rdas fr\u00e5n det kalla, n\u00e4ringsrika vattnet i det nordiska havet. Kelp \u00e4r fylld med hud\u00e4lskande mineraler och antioxidanter som hj\u00e4lper till att \u00e5terst\u00e4lla fukt, \u00f6ka elasticiteten och lugna irritation - vilket g\u00f6r den till en naturlig sk\u00f6ld mot torrhet och stress. Rik p\u00e5 mineraler, antioxidanter och vitaminer som \u00e5terfuktar, skyddar och lugnar huden.<\/p>\n<\/li>\n<li data-start=\"1646\" data-end=\"1775\">\n<p data-start=\"1648\" data-end=\"1775\"><strong data-start=\"2073\" data-end=\"2115\">Carrageenan<\/strong>\u00a0- Ett naturligt extrakt fr\u00e5n r\u00f6dalger som f\u00f6rb\u00e4ttrar \u00e5terfuktning och textur.<\/p>\n<\/li>\n<li data-start=\"1646\" data-end=\"1775\">\n<p data-start=\"1648\" data-end=\"1775\"><strong data-start=\"1778\" data-end=\"1794\">Mangosm\u00f6r<\/strong>\u00a0- Vi har kombinerat detta med mangosm\u00f6r, ett djupt n\u00e4rande v\u00e4xtbaserat sm\u00f6r som st\u00f6der hudens naturliga barri\u00e4r och g\u00f6r den smidig och \u00e5terfuktad. Aprikosk\u00e4rnolja ger l\u00e4tthet och smidighet, medan vitamin E fungerar som en kraftfull antioxidant f\u00f6r att skydda och f\u00f6rnya tr\u00f6tt hud. Mjukg\u00f6r, \u00e5terst\u00e4ller och st\u00e4rker hudens naturliga fuktbarri\u00e4r.<\/p>\n<\/li>\n<li data-start=\"1646\" data-end=\"1775\">\n<p data-start=\"1648\" data-end=\"1775\"><strong data-start=\"1873\" data-end=\"1888\">Aprikosolja<\/strong>\u00a0- Den \u00e4r l\u00e4tt och snabbabsorberande och j\u00e4mnar ut och ger n\u00e4ring \u00e5t \u00e4ven den k\u00e4nsligaste huden.<\/p>\n<\/li>\n<li data-start=\"1646\" data-end=\"1775\">\n<p data-start=\"1648\" data-end=\"1775\"><strong data-start=\"1981\" data-end=\"1994\">Vitamin E<\/strong>\u00a0- En skyddande antioxidant som hj\u00e4lper till att minska torrhet och tecken p\u00e5 stress.<\/p>\n<\/li>\n<\/ul>\n<p data-start=\"1499\" data-end=\"1618\"><strong>Anv\u00e4nd den var som helst, n\u00e4r som helst!<\/strong><br \/>\nP\u00e5 torra h\u00e4nder, armb\u00e5gar, ben eller till och med i ansiktet. S\u00e4rskilt sk\u00f6n efter ett bad eller f\u00f6re s\u00e4ngg\u00e5endet.<\/p>","protected":false},"excerpt":{"rendered":"<h3 data-start=\"1204\" data-end=\"1267\"><strong data-start=\"1208\" data-end=\"1267\">Glow g\u00e5nger tv\u00e5 \u2013 2 lyxiga Bodybutter<\/strong><\/h3>\n<p data-start=\"1269\" data-end=\"1302\">Dubbelt med glow, dubbelt med k\u00e4rlek till din kropp<\/p>\n<p data-start=\"1304\" data-end=\"1461\">Det h\u00e4r kitet inneh\u00e5ller tv\u00e5 burkar av v\u00e5rat djupt \u00e5terfuktande bodybutter - eftersom en helt enkelt inte r\u00e4cker till n\u00e4r du hittat din favorit.<\/p>\n<p data-start=\"1463\" data-end=\"1710\">Tillverkad med ekologisk nordisk kelp, fylligt mangosm\u00f6r och hud\u00e4lskande E-vitamin sm\u00e4lter den h\u00e4r kr\u00e4miga dr\u00f6mmen in i huden som silke. Den \u00e5terger din naturliga lyster, st\u00e4rker hudens barri\u00e4r och sveper in dig i en mjuk, subtil lyx.<\/p>\n<p data-start=\"1712\" data-end=\"2038\"><strong data-start=\"1712\" data-end=\"1742\">D\u00e4rf\u00f6r kommer du att \u00e4lska det h\u00e4r kitet:<\/strong><br data-start=\"1742\" data-end=\"1745\" \/>\u2022 Tv\u00e5 bodybutter f\u00f6r extra glow (eller som g\u00e5va)<br data-start=\"1801\" data-end=\"1804\" \/>\u2022 Djup \u00e5terfuktning och en sammetslen hud som varar<br data-start=\"1852\" data-end=\"1855\" \/>\u2022 Tillverkad med naturliga antioxidanter och mineraler fr\u00e5n alger<br data-start=\"1917\" data-end=\"1920\" \/>\u2022 En kr\u00e4mig lotion som sm\u00e4lter in i huden<br data-start=\"1987\" data-end=\"1990\" \/>\u2022 En mjuk, fr\u00e4sch doft som \u00e4r n\u00e4st intill oemotst\u00e5ndlig<\/p>\n<p data-start=\"2040\" data-end=\"2155\">Ha en vid s\u00e4ngen och en i badrummet \u2013 s\u00e5 att du alltid har den n\u00e4ra till hands. Eller dela lystern med n\u00e5gon som f\u00f6rtj\u00e4nar lite vardagslyx.<\/p>","protected":false},"featured_media":19490,"comment_status":"open","ping_status":"closed","template":"","meta":{"_acf_changed":false,"_bbp_topic_count":0,"_bbp_reply_count":0,"_bbp_total_topic_count":0,"_bbp_total_reply_count":0,"_bbp_voice_count":0,"_bbp_anonymous_reply_count":0,"_bbp_topic_count_hidden":0,"_bbp_reply_count_hidden":0,"_bbp_forum_subforum_count":0,"om_disable_all_campaigns":false,"wprm-recipe-roundup-name":"","wprm-recipe-roundup-description":"","_monsterinsights_skip_tracking":false,"_monsterinsights_sitenote_active":false,"_monsterinsights_sitenote_note":"","_monsterinsights_sitenote_category":0},"product_brand":[],"product_cat":[3237],"product_tag":[],"class_list":{"0":"post-19425","1":"product","2":"type-product","3":"status-publish","4":"has-post-thumbnail","6":"product_cat-bundles","8":"first","9":"instock","10":"taxable","11":"shipping-taxable","12":"purchasable","13":"product-type-variable"},"acf":[],"aioseo_notices":[],"_links":{"self":[{"href":"https:\/\/angelasheaven.com\/sv\/wp-json\/wp\/v2\/product\/19425","targetHints":{"allow":["GET"]}}],"collection":[{"href":"https:\/\/angelasheaven.com\/sv\/wp-json\/wp\/v2\/product"}],"about":[{"href":"https:\/\/angelasheaven.com\/sv\/wp-json\/wp\/v2\/types\/product"}],"replies":[{"embeddable":true,"href":"https:\/\/angelasheaven.com\/sv\/wp-json\/wp\/v2\/comments?post=19425"}],"wp:featuredmedia":[{"embeddable":true,"href":"https:\/\/angelasheaven.com\/sv\/wp-json\/wp\/v2\/media\/19490"}],"wp:attachment":[{"href":"https:\/\/angelasheaven.com\/sv\/wp-json\/wp\/v2\/media?parent=19425"}],"wp:term":[{"taxonomy":"product_brand","embeddable":true,"href":"https:\/\/angelasheaven.com\/sv\/wp-json\/wp\/v2\/product_brand?post=19425"},{"taxonomy":"product_cat","embeddable":true,"href":"https:\/\/angelasheaven.com\/sv\/wp-json\/wp\/v2\/product_cat?post=19425"},{"taxonomy":"product_tag","embeddable":true,"href":"https:\/\/angelasheaven.com\/sv\/wp-json\/wp\/v2\/product_tag?post=19425"}],"curies":[{"name":"wp","href":"https:\/\/api.w.org\/{rel}","templated":true}]}}