{"id":19492,"date":"2025-07-20T19:27:19","date_gmt":"2025-07-20T19:27:19","guid":{"rendered":"https:\/\/angelasheaven.com\/?post_type=product&#038;p=19492"},"modified":"2026-01-20T13:05:02","modified_gmt":"2026-01-20T13:05:02","slug":"deodorant-bundle","status":"publish","type":"product","link":"https:\/\/angelasheaven.com\/sv\/produkt\/deodorant-bundle\/","title":{"rendered":"2 Deodoranter"},"content":{"rendered":"","protected":false},"excerpt":{"rendered":"<h3 data-start=\"138\" data-end=\"199\"><strong data-start=\"142\" data-end=\"199\">Den fr\u00e4scha duon - 2 naturliga kr\u00e4mdeodoranter<\/strong><\/h3>\n<p data-start=\"201\" data-end=\"231\">En till dig \u2013 och en till n\u00e5gon du tycker om (eller bara till dig igen).<\/p>\n<p data-start=\"233\" data-end=\"436\">Den h\u00e4r duon \u00e4r perfekt om du aldrig vill vara utan din favoritdeodorant - eller om du vill ha en hemma och en i din gymv\u00e4ska.<\/p>\n<p data-start=\"438\" data-end=\"782\">V\u00e5r naturliga deodorantkr\u00e4m \u00e4r mjuk som en lotion, sm\u00e4lter in i huden och h\u00e5ller dig fr\u00e4sch hela dagen \u2013 med en ren doft av citrus och nytv\u00e4ttat linne.\nDen \u00e4r gjord enbart med sn\u00e4lla, v\u00e4xtbaserade ingredienser som mangosm\u00f6r, sheasm\u00f6r och kaolinlera. Det h\u00e4r \u00e4r inte bara en deodorant \u2013 det \u00e4r hudv\u00e5rd f\u00f6r dina armh\u00e5lor.<\/p>\n<p data-start=\"784\" data-end=\"1106\"><strong data-start=\"784\" data-end=\"811\">D\u00e4rf\u00f6r kommer du att \u00e4lska det h\u00e4r kitet:<\/strong><br data-start=\"811\" data-end=\"814\" \/>\u2022 Tv\u00e5 deodoranter - alltid en extra till hands<br data-start=\"872\" data-end=\"875\" \/>\u2022 Kr\u00e4mig lotion som v\u00e5rdar och snabbt g\u00e5r in i huden<br data-start=\"924\" data-end=\"927\" \/>\u2022 L\u00e5ngtidsverkande deodorant utan syntetiska tillsatser<br data-start=\"980\" data-end=\"983\" \/>\u2022 Varm, l\u00e4tt och ren \u2013 som solsken p\u00e5 nytv\u00e4ttade lakan<br data-start=\"1053\" data-end=\"1056\" \/>\u2022 Gjord f\u00f6r att k\u00e4nnas som hudv\u00e5rd \u2013 och fungera som deodorant<\/p>\n<p data-start=\"1108\" data-end=\"1197\">K\u00f6p en till dig sj\u00e4lv och ge bort en till n\u00e5gon du tycker om. Eller beh\u00e5ll b\u00e5da f\u00f6r dig sj\u00e4lv...det \u00e4r du v\u00e4rd.<\/p>","protected":false},"featured_media":20310,"comment_status":"closed","ping_status":"closed","template":"","meta":{"_acf_changed":false,"_bbp_topic_count":0,"_bbp_reply_count":0,"_bbp_total_topic_count":0,"_bbp_total_reply_count":0,"_bbp_voice_count":0,"_bbp_anonymous_reply_count":0,"_bbp_topic_count_hidden":0,"_bbp_reply_count_hidden":0,"_bbp_forum_subforum_count":0,"om_disable_all_campaigns":false,"wprm-recipe-roundup-name":"","wprm-recipe-roundup-description":"","_monsterinsights_skip_tracking":false,"_monsterinsights_sitenote_active":false,"_monsterinsights_sitenote_note":"","_monsterinsights_sitenote_category":0},"product_brand":[],"product_cat":[3237],"product_tag":[],"class_list":{"0":"post-19492","1":"product","2":"type-product","3":"status-publish","4":"has-post-thumbnail","6":"product_cat-bundles","8":"first","9":"instock","10":"taxable","11":"shipping-taxable","12":"purchasable","13":"product-type-simple"},"acf":[],"aioseo_notices":[],"_links":{"self":[{"href":"https:\/\/angelasheaven.com\/sv\/wp-json\/wp\/v2\/product\/19492","targetHints":{"allow":["GET"]}}],"collection":[{"href":"https:\/\/angelasheaven.com\/sv\/wp-json\/wp\/v2\/product"}],"about":[{"href":"https:\/\/angelasheaven.com\/sv\/wp-json\/wp\/v2\/types\/product"}],"replies":[{"embeddable":true,"href":"https:\/\/angelasheaven.com\/sv\/wp-json\/wp\/v2\/comments?post=19492"}],"wp:featuredmedia":[{"embeddable":true,"href":"https:\/\/angelasheaven.com\/sv\/wp-json\/wp\/v2\/media\/20310"}],"wp:attachment":[{"href":"https:\/\/angelasheaven.com\/sv\/wp-json\/wp\/v2\/media?parent=19492"}],"wp:term":[{"taxonomy":"product_brand","embeddable":true,"href":"https:\/\/angelasheaven.com\/sv\/wp-json\/wp\/v2\/product_brand?post=19492"},{"taxonomy":"product_cat","embeddable":true,"href":"https:\/\/angelasheaven.com\/sv\/wp-json\/wp\/v2\/product_cat?post=19492"},{"taxonomy":"product_tag","embeddable":true,"href":"https:\/\/angelasheaven.com\/sv\/wp-json\/wp\/v2\/product_tag?post=19492"}],"curies":[{"name":"wp","href":"https:\/\/api.w.org\/{rel}","templated":true}]}}