{"id":19494,"date":"2025-07-20T19:53:25","date_gmt":"2025-07-20T19:53:25","guid":{"rendered":"https:\/\/angelasheaven.com\/?post_type=product&#038;p=19494"},"modified":"2026-01-20T15:14:48","modified_gmt":"2026-01-20T15:14:48","slug":"deodorant-bodybutter-bundle","status":"publish","type":"product","link":"https:\/\/angelasheaven.com\/sv\/produkt\/deodorant-bodybutter-bundle\/","title":{"rendered":"1 Deodorant &amp; 1 Bodybutter"},"content":{"rendered":"<h4 class=\"fusion-responsive-typography-calculated\" data-start=\"704\" data-end=\"731\" data-fontsize=\"18\" data-lineheight=\"28.8px\">V\u00e4lj din doftfavorit:<\/h4>\n<p><img decoding=\"async\" class=\"alignnone wp-image-19214 size-thumbnail lazyautosizes ls-is-cached lazyloaded\" src=\"https:\/\/usercontent.one\/wp\/www.angelasheaven.com\/wp-content\/uploads\/2022\/02\/Product-Image-Fresh-Linen-01-1-120x120.png\" sizes=\"120px\" srcset=\"https:\/\/usercontent.one\/wp\/www.angelasheaven.com\/wp-content\/uploads\/2022\/02\/Product-Image-Fresh-Linen-01-1-66x66.png 66w, https:\/\/usercontent.one\/wp\/www.angelasheaven.com\/wp-content\/uploads\/2022\/02\/Product-Image-Fresh-Linen-01-1-100x100.png 100w, https:\/\/usercontent.one\/wp\/www.angelasheaven.com\/wp-content\/uploads\/2022\/02\/Product-Image-Fresh-Linen-01-1-120x120.png 120w\" alt=\"\" width=\"120\" height=\"120\" data-orig-src=\"https:\/\/usercontent.one\/wp\/www.angelasheaven.com\/wp-content\/uploads\/2022\/02\/Product-Image-Fresh-Linen-01-1-120x120.png\" data-srcset=\"https:\/\/usercontent.one\/wp\/www.angelasheaven.com\/wp-content\/uploads\/2022\/02\/Product-Image-Fresh-Linen-01-1-66x66.png 66w, https:\/\/usercontent.one\/wp\/www.angelasheaven.com\/wp-content\/uploads\/2022\/02\/Product-Image-Fresh-Linen-01-1-100x100.png 100w, https:\/\/usercontent.one\/wp\/www.angelasheaven.com\/wp-content\/uploads\/2022\/02\/Product-Image-Fresh-Linen-01-1-120x120.png 120w\" data-sizes=\"auto\" data-orig-sizes=\"(max-width: 120px) 100vw, 120px\" \/><\/p>\n<p data-start=\"733\" data-end=\"1118\"><strong>Fresh Linen<\/strong><br data-start=\"744\" data-end=\"747\" \/>L\u00e4tt, krispig och naturligt fr\u00e4sch \u2013 Fresh Linen doftar som nytv\u00e4ttade lakan som h\u00e4ngt i solen. Du vet den d\u00e4r k\u00e4nslan n\u00e4r du kryper ner i en s\u00e4ng som doftar sommar, lugn och renhet?<br data-start=\"885\" data-end=\"888\" \/>Precis s\u00e5. En ren favorit som aldrig blir f\u00f6r mycket \u2013 bara alldeles, alldeles lagom.<\/p>\n<p data-start=\"733\" data-end=\"1118\"><img decoding=\"async\" class=\"alignnone wp-image-19219 size-thumbnail lazyautosizes lazyloaded\" src=\"https:\/\/usercontent.one\/wp\/www.angelasheaven.com\/wp-content\/uploads\/2022\/02\/Product-Image-Organic-Body-Butter-Rich-Amber-02-120x120.png\" sizes=\"120px\" srcset=\"https:\/\/usercontent.one\/wp\/www.angelasheaven.com\/wp-content\/uploads\/2022\/02\/Product-Image-Organic-Body-Butter-Rich-Amber-02-66x66.png 66w, https:\/\/usercontent.one\/wp\/www.angelasheaven.com\/wp-content\/uploads\/2022\/02\/Product-Image-Organic-Body-Butter-Rich-Amber-02-100x100.png 100w, https:\/\/usercontent.one\/wp\/www.angelasheaven.com\/wp-content\/uploads\/2022\/02\/Product-Image-Organic-Body-Butter-Rich-Amber-02-120x120.png 120w\" alt=\"\" width=\"120\" height=\"120\" data-orig-src=\"https:\/\/usercontent.one\/wp\/www.angelasheaven.com\/wp-content\/uploads\/2022\/02\/Product-Image-Organic-Body-Butter-Rich-Amber-02-120x120.png\" data-srcset=\"https:\/\/usercontent.one\/wp\/www.angelasheaven.com\/wp-content\/uploads\/2022\/02\/Product-Image-Organic-Body-Butter-Rich-Amber-02-66x66.png 66w, https:\/\/usercontent.one\/wp\/www.angelasheaven.com\/wp-content\/uploads\/2022\/02\/Product-Image-Organic-Body-Butter-Rich-Amber-02-100x100.png 100w, https:\/\/usercontent.one\/wp\/www.angelasheaven.com\/wp-content\/uploads\/2022\/02\/Product-Image-Organic-Body-Butter-Rich-Amber-02-120x120.png 120w\" data-sizes=\"auto\" data-orig-sizes=\"(max-width: 120px) 100vw, 120px\" \/><\/p>\n<p data-start=\"1120\" data-end=\"1510\"><strong>Rich Amber<\/strong><br data-start=\"1130\" data-end=\"1133\" \/>Djup, varm och of\u00f6rgl\u00f6mlig \u2013 Rich Amber \u00e4r din dagliga dos av stillsam lyx.<br data-start=\"1211\" data-end=\"1214\" \/>Med varma toner av l\u00f6nnsirap, kaffe, choklad och lakrits, har den h\u00e4r doften en mjuk intensitet som k\u00e4nns b\u00e5de grundande och lyxig p\u00e5 samma g\u00e5ng. Basnoterna av patchouli, tonkab\u00f6na och mysk ger djup och karakt\u00e4r \u2013 perfekt f\u00f6r dig som \u00e4lskar en fyllig, mysig doft med en modern twist. Den \u00e4r som ett varmt, gosigt t\u00e4cke\u2026 men p\u00e5 burk.<\/p>\n<p data-start=\"1120\" data-end=\"1510\"><img decoding=\"async\" class=\"alignnone wp-image-19223 size-thumbnail lazyautosizes lazyloaded\" src=\"https:\/\/usercontent.one\/wp\/www.angelasheaven.com\/wp-content\/uploads\/2022\/02\/Product-Image-Organic-Body-Butter-sensitive-unscented-02-120x120.png\" sizes=\"120px\" srcset=\"https:\/\/usercontent.one\/wp\/www.angelasheaven.com\/wp-content\/uploads\/2022\/02\/Product-Image-Organic-Body-Butter-sensitive-unscented-02-66x66.png 66w, https:\/\/usercontent.one\/wp\/www.angelasheaven.com\/wp-content\/uploads\/2022\/02\/Product-Image-Organic-Body-Butter-sensitive-unscented-02-100x100.png 100w, https:\/\/usercontent.one\/wp\/www.angelasheaven.com\/wp-content\/uploads\/2022\/02\/Product-Image-Organic-Body-Butter-sensitive-unscented-02-120x120.png 120w\" alt=\"\" width=\"120\" height=\"120\" data-orig-src=\"https:\/\/usercontent.one\/wp\/www.angelasheaven.com\/wp-content\/uploads\/2022\/02\/Product-Image-Organic-Body-Butter-sensitive-unscented-02-120x120.png\" data-srcset=\"https:\/\/usercontent.one\/wp\/www.angelasheaven.com\/wp-content\/uploads\/2022\/02\/Product-Image-Organic-Body-Butter-sensitive-unscented-02-66x66.png 66w, https:\/\/usercontent.one\/wp\/www.angelasheaven.com\/wp-content\/uploads\/2022\/02\/Product-Image-Organic-Body-Butter-sensitive-unscented-02-100x100.png 100w, https:\/\/usercontent.one\/wp\/www.angelasheaven.com\/wp-content\/uploads\/2022\/02\/Product-Image-Organic-Body-Butter-sensitive-unscented-02-120x120.png 120w\" data-sizes=\"auto\" data-orig-sizes=\"(max-width: 120px) 100vw, 120px\" \/><\/p>\n<p data-start=\"1512\" data-end=\"1835\"><strong>Sensitive Unscented<\/strong><br data-start=\"1531\" data-end=\"1534\" \/>Ren, enkel och mild p\u00e5 alla s\u00e4tt. Sensitive Unscented \u00e4r helt fri fr\u00e5n tillsatt doft.<br data-start=\"1621\" data-end=\"1624\" \/>Framtagen f\u00f6r alla hudtyper, men framf\u00f6rallt f\u00f6r dig som f\u00f6redrar endast hudv\u00e5rd utan doft och f\u00f6r dig som \u00e4r lite extra k\u00e4nslig. Perfekt f\u00f6r daglig hudv\u00e5rd, n\u00e4r du \u00e4r gravid och vill h\u00e5lla huden smidig f\u00f6r att undvika bristningar eller f\u00f6r hud som beh\u00f6ver lite extra k\u00e4rlek.<\/p>\n<p>&nbsp;<\/p>\n<p><img decoding=\"async\" class=\"alignnone size-full wp-image-16168 lazyautosizes ls-is-cached lazyloaded\" src=\"https:\/\/usercontent.one\/wp\/www.angelasheaven.com\/wp-content\/uploads\/2022\/02\/symbols.png\" sizes=\"276px\" srcset=\"https:\/\/usercontent.one\/wp\/www.angelasheaven.com\/wp-content\/uploads\/2022\/02\/symbols-190x49.png 190w, https:\/\/usercontent.one\/wp\/www.angelasheaven.com\/wp-content\/uploads\/2022\/02\/symbols-272x71.png 272w, https:\/\/usercontent.one\/wp\/www.angelasheaven.com\/wp-content\/uploads\/2022\/02\/symbols.png 276w\" alt=\"\" width=\"276\" height=\"71\" data-orig-src=\"https:\/\/usercontent.one\/wp\/www.angelasheaven.com\/wp-content\/uploads\/2022\/02\/symbols.png\" data-srcset=\"https:\/\/usercontent.one\/wp\/www.angelasheaven.com\/wp-content\/uploads\/2022\/02\/symbols-190x49.png 190w, https:\/\/usercontent.one\/wp\/www.angelasheaven.com\/wp-content\/uploads\/2022\/02\/symbols-272x71.png 272w, https:\/\/usercontent.one\/wp\/www.angelasheaven.com\/wp-content\/uploads\/2022\/02\/symbols.png 276w\" data-sizes=\"auto\" data-orig-sizes=\"(max-width: 276px) 100vw, 276px\" \/><\/p>","protected":false},"excerpt":{"rendered":"<h3 data-start=\"125\" data-end=\"185\"><strong data-start=\"125\" data-end=\"185\">Hudk\u00e4rlek x 2 \u2013 f\u00f6r dig som vill k\u00e4nna dig fantastisk varje dag<\/strong><\/h3>\n<p data-start=\"187\" data-end=\"375\">Redo att k\u00e4nna dig fantastisk \u2013 fr\u00e5n topp till t\u00e5?\nDet h\u00e4r handplockade kitet inneh\u00e5ller tv\u00e5 av v\u00e5ra mest \u00e4lskade produkter:<br data-start=\"300\" data-end=\"303\" \/><strong data-start=\"303\" data-end=\"334\">En naturlig cremedeodorant<\/strong> + <strong data-start=\"337\" data-end=\"375\">en djupt \u00e5terfuktande bodybutter.<\/strong><\/p>\n<p data-start=\"377\" data-end=\"636\">Starta dagen med en mjuk, kr\u00e4mig deodorant som sm\u00e4lter in i huden och h\u00e5ller dig fr\u00e4sch hela dagen \u2013 med en mild doft av citrus och nytv\u00e4ttat linne. Inga starka ingredienser. Bara v\u00e4xtbaserad omtanke som tar hand om b\u00e5de dig och din k\u00e4nsliga armh\u00e5la med k\u00e4rlek.<\/p>\n<p data-start=\"638\" data-end=\"901\">Och n\u00e4r kv\u00e4llen kommer \u2013 unna dig den silkeslena bodybuttern som \u00e4r ren vardagslyx. Med ekologisk kelp fr\u00e5n de kalla nordiska haven, mangosm\u00f6r och E-vitamin sm\u00e4lter den in i huden, ger djup n\u00e4ring och l\u00e4mnar efter sig en k\u00e4nsla av lyster, mjukhet och omsorg.<\/p>\n<p data-start=\"903\" data-end=\"1009\"><strong data-start=\"903\" data-end=\"1009\">Den h\u00e4r duon \u00e4r skapad f\u00f6r dig som vill k\u00e4nna dig naturligt fr\u00e4sch \u2013 varje dag, fr\u00e5n morgon till kv\u00e4ll.<\/strong><\/p>\n<p data-start=\"1011\" data-end=\"1360\">D\u00e4rf\u00f6r kommer du att \u00e4lska det h\u00e4r kitet:<br \/>\n\u2022 Fr\u00e4sh hela dagen utan n\u00e5gra syntetiska \u00e4mnen<br data-start=\"1096\" data-end=\"1099\" \/>\u2022 Ett kr\u00e4migt bodybutter som \u00e5terfuktar och v\u00e5rdar p\u00e5 djupet<br data-start=\"1158\" data-end=\"1161\" \/>\u2022 Mjuk, kr\u00e4mig konsistens som g\u00e5r snabbt in i huden<br data-start=\"1218\" data-end=\"1221\" \/>\u2022 Dofter som \u00e4r l\u00e4tta, mjuka och ger en behaglig \"lukta gott k\u00e4nsla\"<br data-start=\"1288\" data-end=\"1291\" \/>\u2022 Tillverkade f\u00f6r hand med mycket k\u00e4rlek och utvalda ingredienser med h\u00f6g kvalitet<\/p>\n<p data-start=\"1362\" data-end=\"1454\">Vare sig du startar din dag eller avslutar den, s\u00e5 ger den h\u00e4r duon extra guldkant i din egenv\u00e5rdsrutin.<\/p>","protected":false},"featured_media":20311,"comment_status":"open","ping_status":"closed","template":"","meta":{"_acf_changed":false,"_bbp_topic_count":0,"_bbp_reply_count":0,"_bbp_total_topic_count":0,"_bbp_total_reply_count":0,"_bbp_voice_count":0,"_bbp_anonymous_reply_count":0,"_bbp_topic_count_hidden":0,"_bbp_reply_count_hidden":0,"_bbp_forum_subforum_count":0,"om_disable_all_campaigns":false,"wprm-recipe-roundup-name":"","wprm-recipe-roundup-description":"","_monsterinsights_skip_tracking":false,"_monsterinsights_sitenote_active":false,"_monsterinsights_sitenote_note":"","_monsterinsights_sitenote_category":0},"product_brand":[],"product_cat":[3237],"product_tag":[],"class_list":{"0":"post-19494","1":"product","2":"type-product","3":"status-publish","4":"has-post-thumbnail","6":"product_cat-bundles","8":"first","9":"instock","10":"taxable","11":"shipping-taxable","12":"purchasable","13":"product-type-variable"},"acf":[],"aioseo_notices":[],"_links":{"self":[{"href":"https:\/\/angelasheaven.com\/sv\/wp-json\/wp\/v2\/product\/19494","targetHints":{"allow":["GET"]}}],"collection":[{"href":"https:\/\/angelasheaven.com\/sv\/wp-json\/wp\/v2\/product"}],"about":[{"href":"https:\/\/angelasheaven.com\/sv\/wp-json\/wp\/v2\/types\/product"}],"replies":[{"embeddable":true,"href":"https:\/\/angelasheaven.com\/sv\/wp-json\/wp\/v2\/comments?post=19494"}],"wp:featuredmedia":[{"embeddable":true,"href":"https:\/\/angelasheaven.com\/sv\/wp-json\/wp\/v2\/media\/20311"}],"wp:attachment":[{"href":"https:\/\/angelasheaven.com\/sv\/wp-json\/wp\/v2\/media?parent=19494"}],"wp:term":[{"taxonomy":"product_brand","embeddable":true,"href":"https:\/\/angelasheaven.com\/sv\/wp-json\/wp\/v2\/product_brand?post=19494"},{"taxonomy":"product_cat","embeddable":true,"href":"https:\/\/angelasheaven.com\/sv\/wp-json\/wp\/v2\/product_cat?post=19494"},{"taxonomy":"product_tag","embeddable":true,"href":"https:\/\/angelasheaven.com\/sv\/wp-json\/wp\/v2\/product_tag?post=19494"}],"curies":[{"name":"wp","href":"https:\/\/api.w.org\/{rel}","templated":true}]}}