{"id":19549,"date":"2025-07-28T09:49:12","date_gmt":"2025-07-28T09:49:12","guid":{"rendered":"https:\/\/angelasheaven.com\/?post_type=product&#038;p=19549"},"modified":"2026-01-20T13:13:22","modified_gmt":"2026-01-20T13:13:22","slug":"start-package","status":"publish","type":"product","link":"https:\/\/angelasheaven.com\/sv\/produkt\/start-package\/","title":{"rendered":"Heavenly Glow Kit"},"content":{"rendered":"","protected":false},"excerpt":{"rendered":"<h3 data-start=\"396\" data-end=\"934\"><strong>Alla mina favoritprodukter i ett paket \u2013 de jag sj\u00e4lv anv\u00e4nder varje dag och inte vill vara utan.<\/strong><\/h3>\n<p data-start=\"228\" data-end=\"303\"><em data-start=\"259\" data-end=\"303\">Allt din hud har l\u00e4ngtat efter.\u00a0<\/em><\/p>\n<p data-start=\"396\" data-end=\"934\">\u2022 En djupt \u00e5terfuktande <strong data-start=\"483\" data-end=\"498\">bodybutter<\/strong> som sm\u00e4lter in i huden och ger en sammetslen k\u00e4nsla.<br data-start=\"560\" data-end=\"563\" \/>\u2022 En mild, men effektiv <strong data-start=\"587\" data-end=\"606\">cremedeodorant<\/strong> som h\u00e5ller dig fr\u00e4sch hela dagen utan konstiga tillsatser.<br data-start=\"664\" data-end=\"667\" \/>\u2022 En kr\u00e4mig, djupt \u00e5terfuktande <strong data-start=\"687\" data-end=\"702\">footbutter<\/strong> tillverkad f\u00f6r torra, tr\u00f6tta f\u00f6tter i behov av lite extra k\u00e4rlek.<br data-start=\"765\" data-end=\"768\" \/>\u2022 Och kronjuvelen - <strong data-start=\"792\" data-end=\"802\">Matrix<\/strong>, v\u00e5rat antiaging <strong data-start=\"818\" data-end=\"827\">serum<\/strong> som inneh\u00e5ller flera av de mest effektiva naturliga ingredienserna f\u00f6r att lyfta, \u00e5terfukta och boosta din glow.<\/p>\n<p data-start=\"936\" data-end=\"1154\">Genomt\u00e4nkta produkter, fyllda med ingredienser som verkligen g\u00f6r skillnad. Det h\u00e4r \u00e4r produkter som v\u00e5rdar p\u00e5 djupet, k\u00e4nns fantastiska och levererar \u00f6ver tid.<\/p>\n<p data-start=\"1156\" data-end=\"1322\">Oavsett om du b\u00f6rjar dagen, rundar av kv\u00e4llen eller vill ge bort n\u00e5got riktigt fint \u2013 det h\u00e4r kitet ger dig hela upplevelsen av en liten spa-upplevelse \u2013 varje g\u00e5ng du sm\u00f6rjer in dig.<\/p>\n<h3 data-start=\"1324\" data-end=\"1612\"><strong data-start=\"1324\" data-end=\"1347\">D\u00e4rf\u00f6r kommer du att \u00e4lska det h\u00e4r kitet:<\/strong><\/h3>\n<p data-start=\"1324\" data-end=\"1612\">\u2022 Minskar rynkor, \u00e5terfuktar p\u00e5 djupet, ger lyster och h\u00e5ller dig fr\u00e4sch \u2013 i ett enda kit<br data-start=\"1434\" data-end=\"1437\" \/>\u2022 L\u00e4tta, silkesmjuka kr\u00e4mer som huden \u00e4lskar<br data-start=\"1490\" data-end=\"1493\" \/>\u2022 En doft som \u00e4r mjuk, upplyftande och ren \u2013 en doft du alltid vill b\u00e4ra<br data-start=\"1546\" data-end=\"1549\" \/>\u2022  Ett lyxigt ritualpaket f\u00f6r hud<\/p>\n<p data-start=\"1324\" data-end=\"1612\"><strong>Hudv\u00e5rd som g\u00f6r gott varje dag<\/strong><\/p>","protected":false},"featured_media":20312,"comment_status":"open","ping_status":"closed","template":"","meta":{"_acf_changed":false,"_bbp_topic_count":0,"_bbp_reply_count":0,"_bbp_total_topic_count":0,"_bbp_total_reply_count":0,"_bbp_voice_count":0,"_bbp_anonymous_reply_count":0,"_bbp_topic_count_hidden":0,"_bbp_reply_count_hidden":0,"_bbp_forum_subforum_count":0,"om_disable_all_campaigns":false,"wprm-recipe-roundup-name":"","wprm-recipe-roundup-description":"","_monsterinsights_skip_tracking":false,"_monsterinsights_sitenote_active":false,"_monsterinsights_sitenote_note":"","_monsterinsights_sitenote_category":0},"product_brand":[],"product_cat":[3237],"product_tag":[],"class_list":{"0":"post-19549","1":"product","2":"type-product","3":"status-publish","4":"has-post-thumbnail","6":"product_cat-bundles","8":"first","9":"instock","10":"taxable","11":"shipping-taxable","12":"purchasable","13":"product-type-variable"},"acf":[],"aioseo_notices":[],"_links":{"self":[{"href":"https:\/\/angelasheaven.com\/sv\/wp-json\/wp\/v2\/product\/19549","targetHints":{"allow":["GET"]}}],"collection":[{"href":"https:\/\/angelasheaven.com\/sv\/wp-json\/wp\/v2\/product"}],"about":[{"href":"https:\/\/angelasheaven.com\/sv\/wp-json\/wp\/v2\/types\/product"}],"replies":[{"embeddable":true,"href":"https:\/\/angelasheaven.com\/sv\/wp-json\/wp\/v2\/comments?post=19549"}],"wp:featuredmedia":[{"embeddable":true,"href":"https:\/\/angelasheaven.com\/sv\/wp-json\/wp\/v2\/media\/20312"}],"wp:attachment":[{"href":"https:\/\/angelasheaven.com\/sv\/wp-json\/wp\/v2\/media?parent=19549"}],"wp:term":[{"taxonomy":"product_brand","embeddable":true,"href":"https:\/\/angelasheaven.com\/sv\/wp-json\/wp\/v2\/product_brand?post=19549"},{"taxonomy":"product_cat","embeddable":true,"href":"https:\/\/angelasheaven.com\/sv\/wp-json\/wp\/v2\/product_cat?post=19549"},{"taxonomy":"product_tag","embeddable":true,"href":"https:\/\/angelasheaven.com\/sv\/wp-json\/wp\/v2\/product_tag?post=19549"}],"curies":[{"name":"wp","href":"https:\/\/api.w.org\/{rel}","templated":true}]}}